{"id":1313,"date":"2024-07-12T09:47:55","date_gmt":"2024-07-12T09:47:55","guid":{"rendered":"https:\/\/starlight-energy.com\/starlight-acquisisce-un-importante-sviluppatore-italiano-di-energie-rinnovabili\/"},"modified":"2024-07-12T10:32:14","modified_gmt":"2024-07-12T10:32:14","slug":"starlight-acquisisce-un-importante-sviluppatore-italiano-di-energie-rinnovabili","status":"publish","type":"page","link":"https:\/\/starlight-energy.com\/it\/starlight-acquisisce-un-importante-sviluppatore-italiano-di-energie-rinnovabili\/","title":{"rendered":"Starlight acquisisce un importante sviluppatore italiano di energie rinnovabili"},"content":{"rendered":"\n                    <section class=\"block block_full-bleed-header \">\n                                <div class=\"block-inner will-transition \">\n                \n<div class=\"wrapper \">\n    <div data-sizes=\"auto\" class=\"ric-bg lazyload background-image\" data-parent-fit=\"cover\" data-parent-container=\"html|.ric-bg\" data-bgset=\"\/wp-content\/uploads\/2024\/07\/popoli-350x197.jpg 350w 197h, \/wp-content\/uploads\/2024\/07\/popoli-625x352.jpg 625w 352h, \/wp-content\/uploads\/2024\/07\/popoli-1250x703.jpg 1250w 703h, \/wp-content\/uploads\/2024\/07\/popoli.jpg 2048w 1152h, \/wp-content\/uploads\/2024\/07\/popoli-300x300.jpg 300w 300h, \/wp-content\/uploads\/2024\/07\/popoli-600x600.jpg 600w 600h, \/wp-content\/uploads\/2024\/07\/popoli-1200x1152.jpg 1200w 1152h, \/wp-content\/uploads\/2024\/07\/popoli-2000x1152.jpg 2000w 1152h, \/wp-content\/uploads\/2024\/07\/popoli-200x250.jpg 200w 250h, \/wp-content\/uploads\/2024\/07\/popoli-400x500.jpg 400w 500h, \/wp-content\/uploads\/2024\/07\/popoli-800x1000.jpg 800w 1000h, \/wp-content\/uploads\/2024\/07\/popoli-1600x1152.jpg 1600w 1152h, \/wp-content\/uploads\/2024\/07\/popoli-378x195.jpg 378w 195h, \/wp-content\/uploads\/2024\/07\/popoli-630x325.jpg 630w 325h, \/wp-content\/uploads\/2024\/07\/popoli-1260x650.jpg 1260w 650h, \/wp-content\/uploads\/2024\/07\/popoli-1890x1152.jpg 1890w 1152h\">\n        <div class=\"image-overlay\"><\/div>\n        <div class=\"title-container\">\n            <h1 class=\"xl-title\">\n                Starlight acquisisce un importante sviluppatore italiano di energie rinnovabili            <\/h1>\n        <\/div>\n                <div class=\"scroll-instruction button-text\">\n            <p>Scroll to explore<\/p>\n        <\/div>\n            <\/div>\n<\/div>\n\n                <\/div>\n            <\/section>\n\n\n\n\n                    <section class=\"block block_single-column-text \">\n                                <div class=\"block-inner will-transition \">\n                \n\n<div class=\"content wysiwyg\">\n    <p style=\"text-align: center;\">Starlight \u00e8 lieta di annunciare l&#8217;acquisizione di Entrope, uno dei principali sviluppatori di energie rinnovabili in Italia e partner di lunga data del gruppo.\u00a0 L&#8217;acquisizione rafforza le attivit\u00e0 di Starlight nel territorio italiano, internalizzando nuove competenze a supporto degli obiettivi di crescita della divisione.<\/p>\n<\/div>\n\n                <\/div>\n            <\/section>\n\n\n\n\n                    <section class=\"block block_single-column-text \">\n                                <div class=\"block-inner will-transition \">\n                \n\n<div class=\"content wysiwyg\">\n    <p>26 Giugno | 2024<\/p>\n<p>Fondata nel 2007 e con sede a Popoli, in Abruzzo, Entrope vanta una vasta esperienza nella individuazione, progettazione e sviluppo di diversi progetti di produzione di energia da fonti rinnovabili attraverso varie tecnologie (solare fotovoltaico, batterie ed eolico). Per oltre mezzo decennio, Entrope \u00e8 stato un partner rilevante per la crescita di Starlight in un mercato come quello italiano, che ricopre tutt\u2019ora un ruolo chiave nella strategia di espansione del Gruppo NextEnergy. Questa acquisizione rafforza inoltre la capacit\u00e0 di Starlight di esportare in altri paesi capacit\u00e0 e conoscenze di frontiera in settori quali l&#8217;agrovoltaico e l&#8217;eolico.<\/p>\n<p>L&#8217;acquisizione di Entrope da parte di Starlight segue il successo della precedente operazione conclusa lo scorso marzo che ha portato all\u2019internalizzazione del team di Intelligent Alternatives, leader nel Regno Unito nel settore delle energie rinnovabili.<\/p>\n<p><strong>Gianluca Boccanera, Global Managing Director di Starlight, <\/strong>ha commentato:<\/p>\n<p><strong>\u00a0<\/strong><em>&#8220;Questa operazione non solo rafforza la presenza di Starlight in Italia, ma segue quella conclusa pochi mesi fa nel Regno Unito sullo stesso filone e punta afforzare ulteriormente l\u2019ambito di competenze interne che vanno dalle fasi iniziali di individuazione di nuove opportunit\u00e0 fino al completamento dei vari iter autorizzativi, garantendo l\u2019allineamento ai pi\u00f9 alti standard tecnici e di qualit\u00e0 per i nostri progetti. Questa acquisizione \u00e8 perfettamente in linea con la nostra strategia di crescita, assicurando a Starlight di continuare ad essere leader nello sviluppo etico di impianti di produzione di energia da fonti rinnovabili, sia in Italia che a livello globale&#8221;.<\/em><\/p>\n<p>L&#8217;acquisizione aggiunge altri dieci professionisti al team di Starlight, che ora conta complessivamente quasi 50 unit\u00e0, aumentando significativamente l&#8217;esperienza e le capacit\u00e0 di Starlight. In prospettiva, si prevede che l\u2019integrazione di questo team porter\u00e0 allo sviluppo di progetti innovativi, come ad esempio impianti ibridi che coniugano le tecnologie rinnovabili con quelle di stoccaggio e produzione di idrogeno verde, che non solo serviranno da punto di riferimento per il settore, ma contribuiranno anche in modo significativo ad accelerare il processo di transizione verso l\u2019utilizzo di energie rinnovabili a livello globale.<\/p>\n<\/div>\n\n                <\/div>\n            <\/section>\n\n\n\n\n                    <section class=\"block block_two-column-image transition\">\n                                <div class=\"block-inner will-transition \">\n                \n<div class=\"wrapper\">\n\n    <div class=\"rsp-wrapper rsp-1299-original  landscape\"><img class=\" lazyload\" alt=\"ent2\" data-srcset=\"\/wp-content\/uploads\/2024\/07\/ent2-2500x1662.jpg?t=0&#038;ratio=1.5042117930205 2500w, \/wp-content\/uploads\/2024\/07\/ent2-1250x831.jpg?t=0&#038;ratio=1.5042117930205 1250w, \/wp-content\/uploads\/2024\/07\/ent2-625x416.jpg?t=0&#038;ratio=1.5024038461538 625w, \/wp-content\/uploads\/2024\/07\/ent2-350x233.jpg?t=0&#038;ratio=1.5021459227468 350w\" data-sizes=\"auto\"><\/div>    <div class=\"rsp-wrapper rsp-1308-original  landscape\"><img class=\" lazyload\" alt=\"ent3\" data-srcset=\"\/wp-content\/uploads\/2024\/07\/ent3-1-2500x1665.jpg?t=0&#038;ratio=1.5015015015015 2500w, \/wp-content\/uploads\/2024\/07\/ent3-1-1250x833.jpg?t=0&#038;ratio=1.500600240096 1250w, \/wp-content\/uploads\/2024\/07\/ent3-1-625x416.jpg?t=0&#038;ratio=1.5024038461538 625w, \/wp-content\/uploads\/2024\/07\/ent3-1-350x233.jpg?t=0&#038;ratio=1.5021459227468 350w\" data-sizes=\"auto\"><\/div>\n\n                <\/div>\n            <\/section>\n\n","protected":false},"excerpt":{"rendered":"","protected":false},"author":4,"featured_media":0,"parent":0,"menu_order":0,"comment_status":"closed","ping_status":"closed","template":"","meta":{"_acf_changed":false,"footnotes":""},"class_list":["post-1313","page","type-page","status-publish","hentry"],"acf":[],"yoast_head":"<!-- This site is optimized with the Yoast SEO plugin v26.6 - https:\/\/yoast.com\/wordpress\/plugins\/seo\/ -->\n<title>Starlight acquisisce un importante sviluppatore italiano di energie rinnovabili - Starlight<\/title>\n<meta name=\"robots\" content=\"index, follow, max-snippet:-1, max-image-preview:large, max-video-preview:-1\" \/>\n<link rel=\"canonical\" href=\"https:\/\/starlight-energy.com\/it\/starlight-acquisisce-un-importante-sviluppatore-italiano-di-energie-rinnovabili\/\" \/>\n<meta property=\"og:locale\" content=\"it_IT\" \/>\n<meta property=\"og:type\" content=\"article\" \/>\n<meta property=\"og:title\" content=\"Starlight acquisisce un importante sviluppatore italiano di energie rinnovabili - Starlight\" \/>\n<meta property=\"og:url\" content=\"https:\/\/starlight-energy.com\/it\/starlight-acquisisce-un-importante-sviluppatore-italiano-di-energie-rinnovabili\/\" \/>\n<meta property=\"og:site_name\" content=\"Starlight\" \/>\n<meta property=\"article:modified_time\" content=\"2024-07-12T10:32:14+00:00\" \/>\n<meta property=\"og:image\" content=\"https:\/\/starlight-energy.com\/wp-content\/uploads\/2024\/01\/Starlight-favicon.png\" \/>\n\t<meta property=\"og:image:width\" content=\"260\" \/>\n\t<meta property=\"og:image:height\" content=\"260\" \/>\n\t<meta property=\"og:image:type\" content=\"image\/png\" \/>\n<meta name=\"twitter:card\" content=\"summary_large_image\" \/>\n<script type=\"application\/ld+json\" class=\"yoast-schema-graph\">{\"@context\":\"https:\/\/schema.org\",\"@graph\":[{\"@type\":\"WebPage\",\"@id\":\"https:\/\/starlight-energy.com\/it\/starlight-acquisisce-un-importante-sviluppatore-italiano-di-energie-rinnovabili\/\",\"url\":\"https:\/\/starlight-energy.com\/it\/starlight-acquisisce-un-importante-sviluppatore-italiano-di-energie-rinnovabili\/\",\"name\":\"Starlight acquisisce un importante sviluppatore italiano di energie rinnovabili - Starlight\",\"isPartOf\":{\"@id\":\"https:\/\/starlight-energy.com\/it\/#website\"},\"datePublished\":\"2024-07-12T09:47:55+00:00\",\"dateModified\":\"2024-07-12T10:32:14+00:00\",\"breadcrumb\":{\"@id\":\"https:\/\/starlight-energy.com\/it\/starlight-acquisisce-un-importante-sviluppatore-italiano-di-energie-rinnovabili\/#breadcrumb\"},\"inLanguage\":\"it-IT\",\"potentialAction\":[{\"@type\":\"ReadAction\",\"target\":[\"https:\/\/starlight-energy.com\/it\/starlight-acquisisce-un-importante-sviluppatore-italiano-di-energie-rinnovabili\/\"]}]},{\"@type\":\"BreadcrumbList\",\"@id\":\"https:\/\/starlight-energy.com\/it\/starlight-acquisisce-un-importante-sviluppatore-italiano-di-energie-rinnovabili\/#breadcrumb\",\"itemListElement\":[{\"@type\":\"ListItem\",\"position\":1,\"name\":\"Home\",\"item\":\"https:\/\/starlight-energy.com\/it\/\"},{\"@type\":\"ListItem\",\"position\":2,\"name\":\"Starlight acquisisce un importante sviluppatore italiano di energie rinnovabili\"}]},{\"@type\":\"WebSite\",\"@id\":\"https:\/\/starlight-energy.com\/it\/#website\",\"url\":\"https:\/\/starlight-energy.com\/it\/\",\"name\":\"Starlight Website\",\"description\":\"\",\"publisher\":{\"@id\":\"https:\/\/starlight-energy.com\/it\/#organization\"},\"potentialAction\":[{\"@type\":\"SearchAction\",\"target\":{\"@type\":\"EntryPoint\",\"urlTemplate\":\"https:\/\/starlight-energy.com\/it\/?s={search_term_string}\"},\"query-input\":{\"@type\":\"PropertyValueSpecification\",\"valueRequired\":true,\"valueName\":\"search_term_string\"}}],\"inLanguage\":\"it-IT\"},{\"@type\":\"Organization\",\"@id\":\"https:\/\/starlight-energy.com\/it\/#organization\",\"name\":\"Starlight Energy\",\"url\":\"https:\/\/starlight-energy.com\/it\/\",\"logo\":{\"@type\":\"ImageObject\",\"inLanguage\":\"it-IT\",\"@id\":\"https:\/\/starlight-energy.com\/it\/#\/schema\/logo\/image\/\",\"url\":\"\/wp-content\/uploads\/2024\/01\/Starlight-favicon.png\",\"contentUrl\":\"\/wp-content\/uploads\/2024\/01\/Starlight-favicon.png\",\"width\":260,\"height\":260,\"caption\":\"Starlight Energy\"},\"image\":{\"@id\":\"https:\/\/starlight-energy.com\/it\/#\/schema\/logo\/image\/\"}}]}<\/script>\n<!-- \/ Yoast SEO plugin. -->","yoast_head_json":{"title":"Starlight acquisisce un importante sviluppatore italiano di energie rinnovabili - Starlight","robots":{"index":"index","follow":"follow","max-snippet":"max-snippet:-1","max-image-preview":"max-image-preview:large","max-video-preview":"max-video-preview:-1"},"canonical":"https:\/\/starlight-energy.com\/it\/starlight-acquisisce-un-importante-sviluppatore-italiano-di-energie-rinnovabili\/","og_locale":"it_IT","og_type":"article","og_title":"Starlight acquisisce un importante sviluppatore italiano di energie rinnovabili - Starlight","og_url":"https:\/\/starlight-energy.com\/it\/starlight-acquisisce-un-importante-sviluppatore-italiano-di-energie-rinnovabili\/","og_site_name":"Starlight","article_modified_time":"2024-07-12T10:32:14+00:00","og_image":[{"width":260,"height":260,"url":"https:\/\/starlight-energy.com\/wp-content\/uploads\/2024\/01\/Starlight-favicon.png","type":"image\/png"}],"twitter_card":"summary_large_image","schema":{"@context":"https:\/\/schema.org","@graph":[{"@type":"WebPage","@id":"https:\/\/starlight-energy.com\/it\/starlight-acquisisce-un-importante-sviluppatore-italiano-di-energie-rinnovabili\/","url":"https:\/\/starlight-energy.com\/it\/starlight-acquisisce-un-importante-sviluppatore-italiano-di-energie-rinnovabili\/","name":"Starlight acquisisce un importante sviluppatore italiano di energie rinnovabili - Starlight","isPartOf":{"@id":"https:\/\/starlight-energy.com\/it\/#website"},"datePublished":"2024-07-12T09:47:55+00:00","dateModified":"2024-07-12T10:32:14+00:00","breadcrumb":{"@id":"https:\/\/starlight-energy.com\/it\/starlight-acquisisce-un-importante-sviluppatore-italiano-di-energie-rinnovabili\/#breadcrumb"},"inLanguage":"it-IT","potentialAction":[{"@type":"ReadAction","target":["https:\/\/starlight-energy.com\/it\/starlight-acquisisce-un-importante-sviluppatore-italiano-di-energie-rinnovabili\/"]}]},{"@type":"BreadcrumbList","@id":"https:\/\/starlight-energy.com\/it\/starlight-acquisisce-un-importante-sviluppatore-italiano-di-energie-rinnovabili\/#breadcrumb","itemListElement":[{"@type":"ListItem","position":1,"name":"Home","item":"https:\/\/starlight-energy.com\/it\/"},{"@type":"ListItem","position":2,"name":"Starlight acquisisce un importante sviluppatore italiano di energie rinnovabili"}]},{"@type":"WebSite","@id":"https:\/\/starlight-energy.com\/it\/#website","url":"https:\/\/starlight-energy.com\/it\/","name":"Starlight Website","description":"","publisher":{"@id":"https:\/\/starlight-energy.com\/it\/#organization"},"potentialAction":[{"@type":"SearchAction","target":{"@type":"EntryPoint","urlTemplate":"https:\/\/starlight-energy.com\/it\/?s={search_term_string}"},"query-input":{"@type":"PropertyValueSpecification","valueRequired":true,"valueName":"search_term_string"}}],"inLanguage":"it-IT"},{"@type":"Organization","@id":"https:\/\/starlight-energy.com\/it\/#organization","name":"Starlight Energy","url":"https:\/\/starlight-energy.com\/it\/","logo":{"@type":"ImageObject","inLanguage":"it-IT","@id":"https:\/\/starlight-energy.com\/it\/#\/schema\/logo\/image\/","url":"\/wp-content\/uploads\/2024\/01\/Starlight-favicon.png","contentUrl":"\/wp-content\/uploads\/2024\/01\/Starlight-favicon.png","width":260,"height":260,"caption":"Starlight Energy"},"image":{"@id":"https:\/\/starlight-energy.com\/it\/#\/schema\/logo\/image\/"}}]}},"_links":{"self":[{"href":"https:\/\/starlight-energy.com\/it\/wp-json\/wp\/v2\/pages\/1313","targetHints":{"allow":["GET"]}}],"collection":[{"href":"https:\/\/starlight-energy.com\/it\/wp-json\/wp\/v2\/pages"}],"about":[{"href":"https:\/\/starlight-energy.com\/it\/wp-json\/wp\/v2\/types\/page"}],"author":[{"embeddable":true,"href":"https:\/\/starlight-energy.com\/it\/wp-json\/wp\/v2\/users\/4"}],"replies":[{"embeddable":true,"href":"https:\/\/starlight-energy.com\/it\/wp-json\/wp\/v2\/comments?post=1313"}],"version-history":[{"count":4,"href":"https:\/\/starlight-energy.com\/it\/wp-json\/wp\/v2\/pages\/1313\/revisions"}],"predecessor-version":[{"id":1321,"href":"https:\/\/starlight-energy.com\/it\/wp-json\/wp\/v2\/pages\/1313\/revisions\/1321"}],"wp:attachment":[{"href":"https:\/\/starlight-energy.com\/it\/wp-json\/wp\/v2\/media?parent=1313"}],"curies":[{"name":"wp","href":"https:\/\/api.w.org\/{rel}","templated":true}]}}