{"id":1361,"date":"2024-07-12T17:10:33","date_gmt":"2024-07-12T17:10:33","guid":{"rendered":"https:\/\/starlight-energy.com\/il-global-managing-director-di-starlight-fornisce-indicazioni-fondamentali-sullinnovazione-dellagrovoltaico\/"},"modified":"2024-11-19T10:48:20","modified_gmt":"2024-11-19T10:48:20","slug":"il-global-managing-director-di-starlight-fornisce-indicazioni-fondamentali-sullinnovazione-dellagrovoltaico","status":"publish","type":"page","link":"https:\/\/starlight-energy.com\/it\/il-global-managing-director-di-starlight-fornisce-indicazioni-fondamentali-sullinnovazione-dellagrovoltaico\/","title":{"rendered":"Il Global Managing Director di Starlight fornisce indicazioni fondamentali sull&#8217;innovazione dell&#8217;agrovoltaico"},"content":{"rendered":"\n                    <section class=\"block block_full-bleed-header \">\n                                <div class=\"block-inner will-transition \">\n                \n<div class=\"wrapper \">\n    <div data-sizes=\"auto\" class=\"ric-bg lazyload background-image\" data-parent-fit=\"cover\" data-parent-container=\"html|.ric-bg\" data-bgset=\"\/wp-content\/uploads\/2024\/09\/Sheep-Grazing-1-350x249.jpg 350w 249h, \/wp-content\/uploads\/2024\/09\/Sheep-Grazing-1-625x444.jpg 625w 444h, \/wp-content\/uploads\/2024\/09\/Sheep-Grazing-1-1250x888.jpg 1250w 888h, \/wp-content\/uploads\/2024\/09\/Sheep-Grazing-1-2500x1776.jpg 2500w 1776h, \/wp-content\/uploads\/2024\/09\/Sheep-Grazing-1-300x300.jpg 300w 300h, \/wp-content\/uploads\/2024\/09\/Sheep-Grazing-1-600x600.jpg 600w 600h, \/wp-content\/uploads\/2024\/09\/Sheep-Grazing-1-1200x1200.jpg 1200w 1200h, \/wp-content\/uploads\/2024\/09\/Sheep-Grazing-1-2000x2000.jpg 2000w 2000h, \/wp-content\/uploads\/2024\/09\/Sheep-Grazing-1-200x250.jpg 200w 250h, \/wp-content\/uploads\/2024\/09\/Sheep-Grazing-1-400x500.jpg 400w 500h, \/wp-content\/uploads\/2024\/09\/Sheep-Grazing-1-800x1000.jpg 800w 1000h, \/wp-content\/uploads\/2024\/09\/Sheep-Grazing-1-1600x2000.jpg 1600w 2000h, \/wp-content\/uploads\/2024\/09\/Sheep-Grazing-1-378x195.jpg 378w 195h, \/wp-content\/uploads\/2024\/09\/Sheep-Grazing-1-630x325.jpg 630w 325h, \/wp-content\/uploads\/2024\/09\/Sheep-Grazing-1-1260x650.jpg 1260w 650h, \/wp-content\/uploads\/2024\/09\/Sheep-Grazing-1-1890x1350.jpg 1890w 1350h\">\n        <div class=\"image-overlay\"><\/div>\n        <div class=\"title-container\">\n            <h1 class=\"xl-title\">\n                Il Global Managing Director di Starlight fornisce indicazioni fondamentali sull&#8217;innovazione dell&#8217;agrovoltaico            <\/h1>\n        <\/div>\n                <div class=\"scroll-instruction button-text\">\n            <p>Scroll to explore<\/p>\n        <\/div>\n            <\/div>\n<\/div>\n\n                <\/div>\n            <\/section>\n\n\n                    <section class=\"block block_single-column-text \">\n                                <div class=\"block-inner will-transition \">\n                \n\n<div class=\"content wysiwyg\">\n    <p style=\"text-align: center;\"><strong>Gianluca Boccanera, Global Managing Director di Starlight \u00e8 intervenuto a Roma al convegno promosso da Fondazione UniVerde e Coldiretti: &#8216;Agricoltura e fotovoltaico per una giusta transizione ecologica.<\/strong><\/p>\n<\/div>\n\n                <\/div>\n            <\/section>\n\n\n                    <section class=\"block block_single-column-text \">\n                                <div class=\"block-inner will-transition \">\n                \n\n<div class=\"content wysiwyg\">\n    <p>9 Luglio | 2024<\/p>\n<p>Gianluca, insieme ad alcuni esponenti di spicco del mondo politico ed associativo (tra tutti, il Ministro dell\u2019agricoltura, della sovranit\u00e0 alimentare e delle foreste Francesco Lollobrigida, il Presidente della Fondazione UniVerde Alfonso Pecoraro Scanio, il Presidente di Coldiretti Ettore Prandini e il Segretario Generale di Coldiretti Vincenzo hashtag#Gesmundo) ha avuto il piacere di portare l\u2019esperienza del progetto \u201cTerra del Sole\u201d di Giugliano in Campania quale best practice di realizzazione di un impianto agrivoltaico sviluppato a partire dalle istanze del mondo agricolo e del territorio, in grado di portare benefici economici, sociali e ambientali alla comunit\u00e0 nella quale si inserisce.<\/p>\n<p>&#8220;Il Gruppo NextEnergy ha da sempre prestato grande attenzione all&#8217;ideazione e realizzazione di progetti che potessero coniugare la produzione di energia pulita, buone pratiche agricole avanzate e biologiche, recupero di biodiversit\u00e0, nonch\u00e9 il coinvolgimento attivo ed fattivo delle comunit\u00e0 locali coinvolte nelle varie fasi di vita di ogni iniziativa&#8221; ha commentato Gianluca.<\/p>\n<p>Ha poi proseguito: &#8220;Il progetto &#8216;Terra del Sole&#8217; di Giugliano in Campania \u00e8 la dimostrazione del nostro approccio e di come un&#8217;iniziativa che si inserisce in un territorio con diverse criticit\u00e0 possa rappresentare un&#8217;opportunit\u00e0 di riscatto e di crescita economica, sociale e ambientale, oltre che di innovazione in questi vari ambiti, con il pieno e aperto sostegno dei principali attori nazionali in campo agricolo e ambientale come Coldiretti e Legambiente.&#8221;<\/p>\n<p>La conferenza sottolinea ancor di pi\u00f9 l&#8217;impegno del Gruppo NextEnergy nel promuovere pratiche energetiche sostenibili in grado di produrre contemporaneamente benefici per l\u2019agricoltura, l&#8217;ambiente e le comunit\u00e0 locali.<\/p>\n<p>Poich\u00e9 il Gruppo NextEnergy continua a guidare la transizione verso l&#8217;utilizzo energia prodotta da fonti rinnovabili, progetti come &#8220;Terra del Sole&#8221; non solo affermano la distintivit\u00e0 del proprio approccio allo sviluppo di nuove iniziative in ambito rinnovabili, ma evidenziano anche la forte attenzione riservata alle istanze provenienti da altri attori coinvolti nel processo di transizione energetica come quello agricolo e ecologico.<\/p>\n<\/div>\n\n                <\/div>\n            <\/section>\n\n\n                    <section class=\"block block_two-column-image transition\">\n                                <div class=\"block-inner will-transition \">\n                \n<div class=\"wrapper\">\n\n    <div class=\"rsp-wrapper rsp-1342-original  landscape\"><img class=\" lazyload\" alt=\"image (25)\" data-srcset=\"\/wp-content\/uploads\/2024\/07\/image-25-2500x1667.jpg?t=0&#038;ratio=1.499700059988 2500w, \/wp-content\/uploads\/2024\/07\/image-25-1250x833.jpg?t=0&#038;ratio=1.500600240096 1250w, \/wp-content\/uploads\/2024\/07\/image-25-625x417.jpg?t=0&#038;ratio=1.4988009592326 625w, \/wp-content\/uploads\/2024\/07\/image-25-350x233.jpg?t=0&#038;ratio=1.5021459227468 350w\" data-sizes=\"auto\"><\/div>    <div class=\"rsp-wrapper rsp-1344-original  landscape\"><img class=\" lazyload\" alt=\"image (26)\" data-srcset=\"\/wp-content\/uploads\/2024\/07\/image-26-2500x1667.jpg?t=0&#038;ratio=1.499700059988 2500w, \/wp-content\/uploads\/2024\/07\/image-26-1250x833.jpg?t=0&#038;ratio=1.500600240096 1250w, \/wp-content\/uploads\/2024\/07\/image-26-625x417.jpg?t=0&#038;ratio=1.4988009592326 625w, \/wp-content\/uploads\/2024\/07\/image-26-350x233.jpg?t=0&#038;ratio=1.5021459227468 350w\" data-sizes=\"auto\"><\/div>\n\n                <\/div>\n            <\/section>\n\n\n                    <section class=\"block block_banner \">\n                                <div class=\"block-inner will-transition \">\n                \n\n\n<div data-sizes=\"auto\" class=\"ric-bg lazyload background-image wrapper\" data-parent-fit=\"cover\" data-parent-container=\"html|.ric-bg\" data-bgset=\"\/wp-content\/uploads\/2024\/03\/iStock-628661258-scaled-1-350x194.jpg 350w 194h, \/wp-content\/uploads\/2024\/03\/iStock-628661258-scaled-1-625x347.jpg 625w 347h, \/wp-content\/uploads\/2024\/03\/iStock-628661258-scaled-1-1250x693.jpg 1250w 693h, \/wp-content\/uploads\/2024\/03\/iStock-628661258-scaled-1-2500x1387.jpg 2500w 1387h, \/wp-content\/uploads\/2024\/03\/iStock-628661258-scaled-1-300x300.jpg 300w 300h, \/wp-content\/uploads\/2024\/03\/iStock-628661258-scaled-1-600x600.jpg 600w 600h, \/wp-content\/uploads\/2024\/03\/iStock-628661258-scaled-1-1200x1200.jpg 1200w 1200h, \/wp-content\/uploads\/2024\/03\/iStock-628661258-scaled-1-2000x1420.jpg 2000w 1420h, \/wp-content\/uploads\/2024\/03\/iStock-628661258-scaled-1-200x250.jpg 200w 250h, \/wp-content\/uploads\/2024\/03\/iStock-628661258-scaled-1-400x500.jpg 400w 500h, \/wp-content\/uploads\/2024\/03\/iStock-628661258-scaled-1-800x1000.jpg 800w 1000h, \/wp-content\/uploads\/2024\/03\/iStock-628661258-scaled-1-1600x1420.jpg 1600w 1420h, \/wp-content\/uploads\/2024\/03\/iStock-628661258-scaled-1-378x195.jpg 378w 195h, \/wp-content\/uploads\/2024\/03\/iStock-628661258-scaled-1-630x325.jpg 630w 325h, \/wp-content\/uploads\/2024\/03\/iStock-628661258-scaled-1-1260x650.jpg 1260w 650h, \/wp-content\/uploads\/2024\/03\/iStock-628661258-scaled-1-1890x1350.jpg 1890w 1350h\">\n    <div class=\"content\">\n        <h2 class=\"large-title\">Caso Studio: Terra del Sole<\/h2>\n                            <a href=\"https:\/\/starlight-energy.com\/it\/case-studies\/terra-del-sole\/\" class=\"button-text\">Scopri di pi\u00f9<\/a>\n            <\/div>\n<\/div>\n\n                <\/div>\n            <\/section>\n\n","protected":false},"excerpt":{"rendered":"","protected":false},"author":4,"featured_media":0,"parent":0,"menu_order":0,"comment_status":"closed","ping_status":"closed","template":"","meta":{"_acf_changed":false,"footnotes":""},"class_list":["post-1361","page","type-page","status-publish","hentry"],"acf":[],"yoast_head":"<!-- This site is optimized with the Yoast SEO plugin v26.6 - https:\/\/yoast.com\/wordpress\/plugins\/seo\/ -->\n<title>Il Global Managing Director di Starlight fornisce indicazioni fondamentali sull&#039;innovazione dell&#039;agrovoltaico - Starlight<\/title>\n<meta name=\"robots\" content=\"index, follow, max-snippet:-1, max-image-preview:large, max-video-preview:-1\" \/>\n<link rel=\"canonical\" href=\"https:\/\/starlight-energy.com\/it\/il-global-managing-director-di-starlight-fornisce-indicazioni-fondamentali-sullinnovazione-dellagrovoltaico\/\" \/>\n<meta property=\"og:locale\" content=\"it_IT\" \/>\n<meta property=\"og:type\" content=\"article\" \/>\n<meta property=\"og:title\" content=\"Il Global Managing Director di Starlight fornisce indicazioni fondamentali sull&#039;innovazione dell&#039;agrovoltaico - Starlight\" \/>\n<meta property=\"og:url\" content=\"https:\/\/starlight-energy.com\/it\/il-global-managing-director-di-starlight-fornisce-indicazioni-fondamentali-sullinnovazione-dellagrovoltaico\/\" \/>\n<meta property=\"og:site_name\" content=\"Starlight\" \/>\n<meta property=\"article:modified_time\" content=\"2024-11-19T10:48:20+00:00\" \/>\n<meta property=\"og:image\" content=\"https:\/\/starlight-energy.com\/wp-content\/uploads\/2024\/01\/Starlight-favicon.png\" \/>\n\t<meta property=\"og:image:width\" content=\"260\" \/>\n\t<meta property=\"og:image:height\" content=\"260\" \/>\n\t<meta property=\"og:image:type\" content=\"image\/png\" \/>\n<meta name=\"twitter:card\" content=\"summary_large_image\" \/>\n<script type=\"application\/ld+json\" class=\"yoast-schema-graph\">{\"@context\":\"https:\/\/schema.org\",\"@graph\":[{\"@type\":\"WebPage\",\"@id\":\"https:\/\/starlight-energy.com\/it\/il-global-managing-director-di-starlight-fornisce-indicazioni-fondamentali-sullinnovazione-dellagrovoltaico\/\",\"url\":\"https:\/\/starlight-energy.com\/it\/il-global-managing-director-di-starlight-fornisce-indicazioni-fondamentali-sullinnovazione-dellagrovoltaico\/\",\"name\":\"Il Global Managing Director di Starlight fornisce indicazioni fondamentali sull'innovazione dell'agrovoltaico - Starlight\",\"isPartOf\":{\"@id\":\"https:\/\/www.starlight-energy.com\/it\/#website\"},\"datePublished\":\"2024-07-12T17:10:33+00:00\",\"dateModified\":\"2024-11-19T10:48:20+00:00\",\"breadcrumb\":{\"@id\":\"https:\/\/starlight-energy.com\/it\/il-global-managing-director-di-starlight-fornisce-indicazioni-fondamentali-sullinnovazione-dellagrovoltaico\/#breadcrumb\"},\"inLanguage\":\"it-IT\",\"potentialAction\":[{\"@type\":\"ReadAction\",\"target\":[\"https:\/\/starlight-energy.com\/it\/il-global-managing-director-di-starlight-fornisce-indicazioni-fondamentali-sullinnovazione-dellagrovoltaico\/\"]}]},{\"@type\":\"BreadcrumbList\",\"@id\":\"https:\/\/starlight-energy.com\/it\/il-global-managing-director-di-starlight-fornisce-indicazioni-fondamentali-sullinnovazione-dellagrovoltaico\/#breadcrumb\",\"itemListElement\":[{\"@type\":\"ListItem\",\"position\":1,\"name\":\"Home\",\"item\":\"https:\/\/www.starlight-energy.com\/it\/\"},{\"@type\":\"ListItem\",\"position\":2,\"name\":\"Il Global Managing Director di Starlight fornisce indicazioni fondamentali sull&#8217;innovazione dell&#8217;agrovoltaico\"}]},{\"@type\":\"WebSite\",\"@id\":\"https:\/\/www.starlight-energy.com\/it\/#website\",\"url\":\"https:\/\/www.starlight-energy.com\/it\/\",\"name\":\"Starlight Website\",\"description\":\"\",\"publisher\":{\"@id\":\"https:\/\/www.starlight-energy.com\/it\/#organization\"},\"potentialAction\":[{\"@type\":\"SearchAction\",\"target\":{\"@type\":\"EntryPoint\",\"urlTemplate\":\"https:\/\/www.starlight-energy.com\/it\/?s={search_term_string}\"},\"query-input\":{\"@type\":\"PropertyValueSpecification\",\"valueRequired\":true,\"valueName\":\"search_term_string\"}}],\"inLanguage\":\"it-IT\"},{\"@type\":\"Organization\",\"@id\":\"https:\/\/www.starlight-energy.com\/it\/#organization\",\"name\":\"Starlight Energy\",\"url\":\"https:\/\/www.starlight-energy.com\/it\/\",\"logo\":{\"@type\":\"ImageObject\",\"inLanguage\":\"it-IT\",\"@id\":\"https:\/\/www.starlight-energy.com\/it\/#\/schema\/logo\/image\/\",\"url\":\"\/wp-content\/uploads\/2024\/01\/Starlight-favicon.png\",\"contentUrl\":\"\/wp-content\/uploads\/2024\/01\/Starlight-favicon.png\",\"width\":260,\"height\":260,\"caption\":\"Starlight Energy\"},\"image\":{\"@id\":\"https:\/\/www.starlight-energy.com\/it\/#\/schema\/logo\/image\/\"}}]}<\/script>\n<!-- \/ Yoast SEO plugin. -->","yoast_head_json":{"title":"Il Global Managing Director di Starlight fornisce indicazioni fondamentali sull'innovazione dell'agrovoltaico - Starlight","robots":{"index":"index","follow":"follow","max-snippet":"max-snippet:-1","max-image-preview":"max-image-preview:large","max-video-preview":"max-video-preview:-1"},"canonical":"https:\/\/starlight-energy.com\/it\/il-global-managing-director-di-starlight-fornisce-indicazioni-fondamentali-sullinnovazione-dellagrovoltaico\/","og_locale":"it_IT","og_type":"article","og_title":"Il Global Managing Director di Starlight fornisce indicazioni fondamentali sull'innovazione dell'agrovoltaico - Starlight","og_url":"https:\/\/starlight-energy.com\/it\/il-global-managing-director-di-starlight-fornisce-indicazioni-fondamentali-sullinnovazione-dellagrovoltaico\/","og_site_name":"Starlight","article_modified_time":"2024-11-19T10:48:20+00:00","og_image":[{"width":260,"height":260,"url":"https:\/\/starlight-energy.com\/wp-content\/uploads\/2024\/01\/Starlight-favicon.png","type":"image\/png"}],"twitter_card":"summary_large_image","schema":{"@context":"https:\/\/schema.org","@graph":[{"@type":"WebPage","@id":"https:\/\/starlight-energy.com\/it\/il-global-managing-director-di-starlight-fornisce-indicazioni-fondamentali-sullinnovazione-dellagrovoltaico\/","url":"https:\/\/starlight-energy.com\/it\/il-global-managing-director-di-starlight-fornisce-indicazioni-fondamentali-sullinnovazione-dellagrovoltaico\/","name":"Il Global Managing Director di Starlight fornisce indicazioni fondamentali sull'innovazione dell'agrovoltaico - Starlight","isPartOf":{"@id":"https:\/\/www.starlight-energy.com\/it\/#website"},"datePublished":"2024-07-12T17:10:33+00:00","dateModified":"2024-11-19T10:48:20+00:00","breadcrumb":{"@id":"https:\/\/starlight-energy.com\/it\/il-global-managing-director-di-starlight-fornisce-indicazioni-fondamentali-sullinnovazione-dellagrovoltaico\/#breadcrumb"},"inLanguage":"it-IT","potentialAction":[{"@type":"ReadAction","target":["https:\/\/starlight-energy.com\/it\/il-global-managing-director-di-starlight-fornisce-indicazioni-fondamentali-sullinnovazione-dellagrovoltaico\/"]}]},{"@type":"BreadcrumbList","@id":"https:\/\/starlight-energy.com\/it\/il-global-managing-director-di-starlight-fornisce-indicazioni-fondamentali-sullinnovazione-dellagrovoltaico\/#breadcrumb","itemListElement":[{"@type":"ListItem","position":1,"name":"Home","item":"https:\/\/www.starlight-energy.com\/it\/"},{"@type":"ListItem","position":2,"name":"Il Global Managing Director di Starlight fornisce indicazioni fondamentali sull&#8217;innovazione dell&#8217;agrovoltaico"}]},{"@type":"WebSite","@id":"https:\/\/www.starlight-energy.com\/it\/#website","url":"https:\/\/www.starlight-energy.com\/it\/","name":"Starlight Website","description":"","publisher":{"@id":"https:\/\/www.starlight-energy.com\/it\/#organization"},"potentialAction":[{"@type":"SearchAction","target":{"@type":"EntryPoint","urlTemplate":"https:\/\/www.starlight-energy.com\/it\/?s={search_term_string}"},"query-input":{"@type":"PropertyValueSpecification","valueRequired":true,"valueName":"search_term_string"}}],"inLanguage":"it-IT"},{"@type":"Organization","@id":"https:\/\/www.starlight-energy.com\/it\/#organization","name":"Starlight Energy","url":"https:\/\/www.starlight-energy.com\/it\/","logo":{"@type":"ImageObject","inLanguage":"it-IT","@id":"https:\/\/www.starlight-energy.com\/it\/#\/schema\/logo\/image\/","url":"\/wp-content\/uploads\/2024\/01\/Starlight-favicon.png","contentUrl":"\/wp-content\/uploads\/2024\/01\/Starlight-favicon.png","width":260,"height":260,"caption":"Starlight Energy"},"image":{"@id":"https:\/\/www.starlight-energy.com\/it\/#\/schema\/logo\/image\/"}}]}},"_links":{"self":[{"href":"https:\/\/starlight-energy.com\/it\/wp-json\/wp\/v2\/pages\/1361","targetHints":{"allow":["GET"]}}],"collection":[{"href":"https:\/\/starlight-energy.com\/it\/wp-json\/wp\/v2\/pages"}],"about":[{"href":"https:\/\/starlight-energy.com\/it\/wp-json\/wp\/v2\/types\/page"}],"author":[{"embeddable":true,"href":"https:\/\/starlight-energy.com\/it\/wp-json\/wp\/v2\/users\/4"}],"replies":[{"embeddable":true,"href":"https:\/\/starlight-energy.com\/it\/wp-json\/wp\/v2\/comments?post=1361"}],"version-history":[{"count":1,"href":"https:\/\/starlight-energy.com\/it\/wp-json\/wp\/v2\/pages\/1361\/revisions"}],"predecessor-version":[{"id":1479,"href":"https:\/\/starlight-energy.com\/it\/wp-json\/wp\/v2\/pages\/1361\/revisions\/1479"}],"wp:attachment":[{"href":"https:\/\/starlight-energy.com\/it\/wp-json\/wp\/v2\/media?parent=1361"}],"curies":[{"name":"wp","href":"https:\/\/api.w.org\/{rel}","templated":true}]}}