{"id":1582,"date":"2024-11-19T09:50:47","date_gmt":"2024-11-19T09:50:47","guid":{"rendered":"https:\/\/starlight-energy.com\/starlight-ospita-il-laboratorio-di-comunita-sullagrivoltaico\/"},"modified":"2024-11-19T11:08:00","modified_gmt":"2024-11-19T11:08:00","slug":"starlight-ospita-il-laboratorio-di-comunita-sullagrivoltaico","status":"publish","type":"page","link":"https:\/\/starlight-energy.com\/it\/starlight-ospita-il-laboratorio-di-comunita-sullagrivoltaico\/","title":{"rendered":"Starlight ospita il \u201claboratorio di comunit\u00e0\u201d sull&#8217;agrivoltaico"},"content":{"rendered":"\n                    <section class=\"block block_full-bleed-header \">\n                                <div class=\"block-inner will-transition \">\n                \n<div class=\"wrapper \">\n    <div data-sizes=\"auto\" class=\"ric-bg lazyload background-image\" data-parent-fit=\"cover\" data-parent-container=\"html|.ric-bg\" data-bgset=\"\/wp-content\/uploads\/2024\/11\/treezIMG_9809-1-350x263.jpeg 350w 263h, \/wp-content\/uploads\/2024\/11\/treezIMG_9809-1-625x469.jpeg 625w 469h, \/wp-content\/uploads\/2024\/11\/treezIMG_9809-1-1250x938.jpeg 1250w 938h, \/wp-content\/uploads\/2024\/11\/treezIMG_9809-1-2500x1875.jpeg 2500w 1875h, \/wp-content\/uploads\/2024\/11\/treezIMG_9809-1-300x300.jpeg 300w 300h, \/wp-content\/uploads\/2024\/11\/treezIMG_9809-1-600x600.jpeg 600w 600h, \/wp-content\/uploads\/2024\/11\/treezIMG_9809-1-1200x1200.jpeg 1200w 1200h, \/wp-content\/uploads\/2024\/11\/treezIMG_9809-1-2000x2000.jpeg 2000w 2000h, \/wp-content\/uploads\/2024\/11\/treezIMG_9809-1-200x250.jpeg 200w 250h, \/wp-content\/uploads\/2024\/11\/treezIMG_9809-1-400x500.jpeg 400w 500h, \/wp-content\/uploads\/2024\/11\/treezIMG_9809-1-800x1000.jpeg 800w 1000h, \/wp-content\/uploads\/2024\/11\/treezIMG_9809-1-1600x2000.jpeg 1600w 2000h, \/wp-content\/uploads\/2024\/11\/treezIMG_9809-1-378x195.jpeg 378w 195h, \/wp-content\/uploads\/2024\/11\/treezIMG_9809-1-630x325.jpeg 630w 325h, \/wp-content\/uploads\/2024\/11\/treezIMG_9809-1-1260x650.jpeg 1260w 650h, \/wp-content\/uploads\/2024\/11\/treezIMG_9809-1-1890x1350.jpeg 1890w 1350h\">\n        <div class=\"image-overlay\"><\/div>\n        <div class=\"title-container\">\n            <h1 class=\"xl-title\">\n                Starlight ospita il \u201claboratorio di comunit\u00e0\u201d sull&#8217;agrivoltaico            <\/h1>\n        <\/div>\n                <div class=\"scroll-instruction button-text\">\n            <p>Scroll to explore<\/p>\n        <\/div>\n            <\/div>\n<\/div>\n\n                <\/div>\n            <\/section>\n\n\n\n\n                    <section class=\"block block_single-column-text \">\n                                <div class=\"block-inner will-transition \">\n                \n\n<div class=\"content wysiwyg\">\n    <p><b><strong>Starlight ospita un workshop comunitario per integrare i sistemi agrovoltaici nel paesaggio locale in Friuli. <\/strong><\/b><strong>E\u2019 la prima esperienza in italia.<\/strong><\/p>\n<\/div>\n\n                <\/div>\n            <\/section>\n\n\n\n\n                    <section class=\"block block_single-column-text \">\n                                <div class=\"block-inner will-transition \">\n                \n\n<div class=\"content wysiwyg\">\n    <p>19 Novembre | 2024<\/p>\n<p>Si \u00e8 tenuto sabato 16 novembre a Torviscosa il \u201c<strong><em>Laboratorio di comunit\u00e0 per l\u2019agrivoltaico &#8211; Esploriamo e parliamo del nostro paesaggio<\/em><\/strong>\u201d promosso dal <strong>Dipartimento di Architettura dell\u2019Universit\u00e0 degli Studi di Firenze <\/strong>in collaborazione con <strong>Starlight <\/strong>e <strong>Soc. Agricola Tenuta ai Laghi<\/strong> con la supervisione di <strong>ENEA<\/strong>.<\/p>\n<p>Il laboratorio di comunit\u00e0 \u00e8 un processo di partecipazione e confronto che ha come obiettivo <strong>la condivisione con la comunit\u00e0 locale di tematiche e valori inerenti il paesaggio per orientare le possibili\u00a0 scenari localI per integrare possibili sistemi agrivoltaici<\/strong> nelle attivit\u00e0 agricole e nel paesaggio.<\/p>\n<p>L\u2019incontro che ha inaugurato le attivit\u00e0 del laboratorio \u00e8 iniziato nella mattinata con la passeggiata nel verde in Localit\u00e0 Arsa, si \u00e8 poi spostato al Centro Informazione e Documentazione (CID) di Torviscosa in Piazzale Marinotti per il pranzo sociale.<\/p>\n<p>I tavoli di lavoro pomeridiani hanno visto poi la partecipazione di comuni cittadini, \u00a0ricercatori, istituzioni locali e politici, operatori e imprenditori agricoli.<\/p>\n<p>Se la partecipazione \u00e8 uno strumento ampiamento utilizzato nelle discipline che studiano e progettano il paesaggio per raccogliere e recepire la conoscenza e le preferenze degli abitanti e degli attori locali, <strong>le applicazioni nella pianificazione e nella progettazione di impianti energetici<\/strong> sono pi\u00f9 recenti nello scenario europeo. <strong>In Italia, invece, un laboratorio partecipato del genere \u00e8 un unicum per ambizione e output atteso<\/strong>.<\/p>\n<p>Il laboratorio di Torviscosa \u2013 che ha visto impegnati i partecipanti lungo l\u2019intera giornata di sabato &#8211; ha previsto una prima fase di condivisione e ricognizione di temi e valori del paesaggio, energetici, agrari, ecologici, ricreativi e visivi, ed una seconda fase di <strong>co-progettazione partendo dalle esigenze specifiche del sistema agrivoltaico immaginato per il contesto locale specifico<\/strong>.<\/p>\n<p>Per <strong>Paolo Picchi<\/strong>, ricercatore e professore a contratto di Architettura del Paesaggio Universit\u00e0 di Firenze, il primo scopo del laboratorio \u00e8 quello di<em> \u201ccercare linguaggi condivisi dalla comunit\u00e0 utili al coinvolgimento degli attori locali in seno al progetto in vista della sua accettazione. Un secondo risultato \u2013 <\/em>continua Picchi<em> \u2013 \u00e8 quello di fornire al decisore degli strumenti di valutazione legittimati da chi abita i territori, visto che il coinvolgimento della comunit\u00e0 dovrebbe essere discriminante tra una valutazione positiva ed una negativa quando si parla di progetti che trasformano il paesaggio<\/em>\u201d.<\/p>\n<p><strong><em>Stefano Pieroni<\/em><\/strong><em>,<strong> Business Development Director per Starlight in Italia<\/strong> commenta: <\/em><\/p>\n<p><em>&#8220;Siamo entusiasti di aver collaborato con il Dipartimento di Architettura dell&#8217;Universit\u00e0 degli Studi di Firenze per questo laboratorio di comunit\u00e0 sull&#8217;agrivoltaico a Torviscosa. Questo evento rappresenta un passo importante verso l&#8217;integrazione delle energie rinnovabili nel nostro paesaggio agricolo, promuovendo al contempo la sostenibilit\u00e0 e il coinvolgimento della comunit\u00e0 locale. Crediamo fermamente che il dialogo e la co-progettazione con la comunit\u00e0 siano fondamentali per il successo della transizione energetica, che \u00e8 non solo una transizione verso fonti di energia meno impattanti ma anche e soprattutto una transizione emotiva verso una diversa percezione del nostro paesaggio\u201d.<\/em><\/p>\n<p><strong><em>Enrico Forcucci<\/em><\/strong><em>,<strong> International Business Development Director and Agrivoltaics Expert per Starlight<\/strong>, ritiene che:<\/em><\/p>\n<p><em>\u201cAscoltare, respirare e vivere il territorio sia parte sostanziale della progettazione, in particolare nel caso dell\u2019agrivoltaico. Nessun progetto areale pu\u00f2 ritenersi maturo se si basa esclusivamente sulle pianificazioni territoriali e non sa comprendere l\u2019essenza di un paesaggio. Questo \u00e8 il metodo che Starlight promuove e sta perfezionando anche attraverso iniziative come quella di Torviscosa\u201d.<\/em><\/p>\n<p><a href=\"https:\/\/starlight-energy.com\/wp-content\/uploads\/2024\/11\/CS_FV_in_Friuli.pdf\">Scarica il PR completo qui<\/a><\/p>\n<\/div>\n\n                <\/div>\n            <\/section>\n\n\n\n\n                    <section class=\"block block_two-column-image transition\">\n                                <div class=\"block-inner will-transition \">\n                \n<div class=\"wrapper\">\n\n    <div class=\"rsp-wrapper rsp-1561-original  landscape\"><img class=\" lazyload\" alt=\"piccone\" data-srcset=\"\/wp-content\/uploads\/2024\/11\/piccone-2500x1667.jpg?t=0&#038;ratio=1.499700059988 2500w, \/wp-content\/uploads\/2024\/11\/piccone-1250x833.jpg?t=0&#038;ratio=1.500600240096 1250w, \/wp-content\/uploads\/2024\/11\/piccone-625x417.jpg?t=0&#038;ratio=1.4988009592326 625w, \/wp-content\/uploads\/2024\/11\/piccone-350x233.jpg?t=0&#038;ratio=1.5021459227468 350w\" data-sizes=\"auto\"><\/div>    <div class=\"rsp-wrapper rsp-1563-original  landscape\"><img class=\" lazyload\" alt=\"picctwo\" data-srcset=\"\/wp-content\/uploads\/2024\/11\/picctwo-2500x1667.jpg?t=0&#038;ratio=1.499700059988 2500w, \/wp-content\/uploads\/2024\/11\/picctwo-1250x833.jpg?t=0&#038;ratio=1.500600240096 1250w, \/wp-content\/uploads\/2024\/11\/picctwo-625x417.jpg?t=0&#038;ratio=1.4988009592326 625w, \/wp-content\/uploads\/2024\/11\/picctwo-350x233.jpg?t=0&#038;ratio=1.5021459227468 350w\" data-sizes=\"auto\"><\/div>\n\n                <\/div>\n            <\/section>\n\n","protected":false},"excerpt":{"rendered":"","protected":false},"author":4,"featured_media":0,"parent":0,"menu_order":0,"comment_status":"closed","ping_status":"closed","template":"","meta":{"_acf_changed":false,"footnotes":""},"class_list":["post-1582","page","type-page","status-publish","hentry"],"acf":[],"yoast_head":"<!-- This site is optimized with the Yoast SEO plugin v26.6 - https:\/\/yoast.com\/wordpress\/plugins\/seo\/ -->\n<title>Starlight ospita il \u201claboratorio di comunit\u00e0\u201d sull&#039;agrivoltaico - Starlight<\/title>\n<meta name=\"robots\" content=\"index, follow, max-snippet:-1, max-image-preview:large, max-video-preview:-1\" \/>\n<link rel=\"canonical\" href=\"https:\/\/starlight-energy.com\/it\/starlight-ospita-il-laboratorio-di-comunita-sullagrivoltaico\/\" \/>\n<meta property=\"og:locale\" content=\"it_IT\" \/>\n<meta property=\"og:type\" content=\"article\" \/>\n<meta property=\"og:title\" content=\"Starlight ospita il \u201claboratorio di comunit\u00e0\u201d sull&#039;agrivoltaico - Starlight\" \/>\n<meta property=\"og:url\" content=\"https:\/\/starlight-energy.com\/it\/starlight-ospita-il-laboratorio-di-comunita-sullagrivoltaico\/\" \/>\n<meta property=\"og:site_name\" content=\"Starlight\" \/>\n<meta property=\"article:modified_time\" content=\"2024-11-19T11:08:00+00:00\" \/>\n<meta property=\"og:image\" content=\"https:\/\/starlight-energy.com\/wp-content\/uploads\/2024\/01\/Starlight-favicon.png\" \/>\n\t<meta property=\"og:image:width\" content=\"260\" \/>\n\t<meta property=\"og:image:height\" content=\"260\" \/>\n\t<meta property=\"og:image:type\" content=\"image\/png\" \/>\n<meta name=\"twitter:card\" content=\"summary_large_image\" \/>\n<script type=\"application\/ld+json\" class=\"yoast-schema-graph\">{\"@context\":\"https:\/\/schema.org\",\"@graph\":[{\"@type\":\"WebPage\",\"@id\":\"https:\/\/starlight-energy.com\/it\/starlight-ospita-il-laboratorio-di-comunita-sullagrivoltaico\/\",\"url\":\"https:\/\/starlight-energy.com\/it\/starlight-ospita-il-laboratorio-di-comunita-sullagrivoltaico\/\",\"name\":\"Starlight ospita il \u201claboratorio di comunit\u00e0\u201d sull'agrivoltaico - Starlight\",\"isPartOf\":{\"@id\":\"https:\/\/www.starlight-energy.com\/it\/#website\"},\"datePublished\":\"2024-11-19T09:50:47+00:00\",\"dateModified\":\"2024-11-19T11:08:00+00:00\",\"breadcrumb\":{\"@id\":\"https:\/\/starlight-energy.com\/it\/starlight-ospita-il-laboratorio-di-comunita-sullagrivoltaico\/#breadcrumb\"},\"inLanguage\":\"it-IT\",\"potentialAction\":[{\"@type\":\"ReadAction\",\"target\":[\"https:\/\/starlight-energy.com\/it\/starlight-ospita-il-laboratorio-di-comunita-sullagrivoltaico\/\"]}]},{\"@type\":\"BreadcrumbList\",\"@id\":\"https:\/\/starlight-energy.com\/it\/starlight-ospita-il-laboratorio-di-comunita-sullagrivoltaico\/#breadcrumb\",\"itemListElement\":[{\"@type\":\"ListItem\",\"position\":1,\"name\":\"Home\",\"item\":\"https:\/\/www.starlight-energy.com\/it\/\"},{\"@type\":\"ListItem\",\"position\":2,\"name\":\"Starlight ospita il \u201claboratorio di comunit\u00e0\u201d sull&#8217;agrivoltaico\"}]},{\"@type\":\"WebSite\",\"@id\":\"https:\/\/www.starlight-energy.com\/it\/#website\",\"url\":\"https:\/\/www.starlight-energy.com\/it\/\",\"name\":\"Starlight Website\",\"description\":\"\",\"publisher\":{\"@id\":\"https:\/\/www.starlight-energy.com\/it\/#organization\"},\"potentialAction\":[{\"@type\":\"SearchAction\",\"target\":{\"@type\":\"EntryPoint\",\"urlTemplate\":\"https:\/\/www.starlight-energy.com\/it\/?s={search_term_string}\"},\"query-input\":{\"@type\":\"PropertyValueSpecification\",\"valueRequired\":true,\"valueName\":\"search_term_string\"}}],\"inLanguage\":\"it-IT\"},{\"@type\":\"Organization\",\"@id\":\"https:\/\/www.starlight-energy.com\/it\/#organization\",\"name\":\"Starlight Energy\",\"url\":\"https:\/\/www.starlight-energy.com\/it\/\",\"logo\":{\"@type\":\"ImageObject\",\"inLanguage\":\"it-IT\",\"@id\":\"https:\/\/www.starlight-energy.com\/it\/#\/schema\/logo\/image\/\",\"url\":\"\/wp-content\/uploads\/2024\/01\/Starlight-favicon.png\",\"contentUrl\":\"\/wp-content\/uploads\/2024\/01\/Starlight-favicon.png\",\"width\":260,\"height\":260,\"caption\":\"Starlight Energy\"},\"image\":{\"@id\":\"https:\/\/www.starlight-energy.com\/it\/#\/schema\/logo\/image\/\"}}]}<\/script>\n<!-- \/ Yoast SEO plugin. -->","yoast_head_json":{"title":"Starlight ospita il \u201claboratorio di comunit\u00e0\u201d sull'agrivoltaico - Starlight","robots":{"index":"index","follow":"follow","max-snippet":"max-snippet:-1","max-image-preview":"max-image-preview:large","max-video-preview":"max-video-preview:-1"},"canonical":"https:\/\/starlight-energy.com\/it\/starlight-ospita-il-laboratorio-di-comunita-sullagrivoltaico\/","og_locale":"it_IT","og_type":"article","og_title":"Starlight ospita il \u201claboratorio di comunit\u00e0\u201d sull'agrivoltaico - Starlight","og_url":"https:\/\/starlight-energy.com\/it\/starlight-ospita-il-laboratorio-di-comunita-sullagrivoltaico\/","og_site_name":"Starlight","article_modified_time":"2024-11-19T11:08:00+00:00","og_image":[{"width":260,"height":260,"url":"https:\/\/starlight-energy.com\/wp-content\/uploads\/2024\/01\/Starlight-favicon.png","type":"image\/png"}],"twitter_card":"summary_large_image","schema":{"@context":"https:\/\/schema.org","@graph":[{"@type":"WebPage","@id":"https:\/\/starlight-energy.com\/it\/starlight-ospita-il-laboratorio-di-comunita-sullagrivoltaico\/","url":"https:\/\/starlight-energy.com\/it\/starlight-ospita-il-laboratorio-di-comunita-sullagrivoltaico\/","name":"Starlight ospita il \u201claboratorio di comunit\u00e0\u201d sull'agrivoltaico - Starlight","isPartOf":{"@id":"https:\/\/www.starlight-energy.com\/it\/#website"},"datePublished":"2024-11-19T09:50:47+00:00","dateModified":"2024-11-19T11:08:00+00:00","breadcrumb":{"@id":"https:\/\/starlight-energy.com\/it\/starlight-ospita-il-laboratorio-di-comunita-sullagrivoltaico\/#breadcrumb"},"inLanguage":"it-IT","potentialAction":[{"@type":"ReadAction","target":["https:\/\/starlight-energy.com\/it\/starlight-ospita-il-laboratorio-di-comunita-sullagrivoltaico\/"]}]},{"@type":"BreadcrumbList","@id":"https:\/\/starlight-energy.com\/it\/starlight-ospita-il-laboratorio-di-comunita-sullagrivoltaico\/#breadcrumb","itemListElement":[{"@type":"ListItem","position":1,"name":"Home","item":"https:\/\/www.starlight-energy.com\/it\/"},{"@type":"ListItem","position":2,"name":"Starlight ospita il \u201claboratorio di comunit\u00e0\u201d sull&#8217;agrivoltaico"}]},{"@type":"WebSite","@id":"https:\/\/www.starlight-energy.com\/it\/#website","url":"https:\/\/www.starlight-energy.com\/it\/","name":"Starlight Website","description":"","publisher":{"@id":"https:\/\/www.starlight-energy.com\/it\/#organization"},"potentialAction":[{"@type":"SearchAction","target":{"@type":"EntryPoint","urlTemplate":"https:\/\/www.starlight-energy.com\/it\/?s={search_term_string}"},"query-input":{"@type":"PropertyValueSpecification","valueRequired":true,"valueName":"search_term_string"}}],"inLanguage":"it-IT"},{"@type":"Organization","@id":"https:\/\/www.starlight-energy.com\/it\/#organization","name":"Starlight Energy","url":"https:\/\/www.starlight-energy.com\/it\/","logo":{"@type":"ImageObject","inLanguage":"it-IT","@id":"https:\/\/www.starlight-energy.com\/it\/#\/schema\/logo\/image\/","url":"\/wp-content\/uploads\/2024\/01\/Starlight-favicon.png","contentUrl":"\/wp-content\/uploads\/2024\/01\/Starlight-favicon.png","width":260,"height":260,"caption":"Starlight Energy"},"image":{"@id":"https:\/\/www.starlight-energy.com\/it\/#\/schema\/logo\/image\/"}}]}},"_links":{"self":[{"href":"https:\/\/starlight-energy.com\/it\/wp-json\/wp\/v2\/pages\/1582","targetHints":{"allow":["GET"]}}],"collection":[{"href":"https:\/\/starlight-energy.com\/it\/wp-json\/wp\/v2\/pages"}],"about":[{"href":"https:\/\/starlight-energy.com\/it\/wp-json\/wp\/v2\/types\/page"}],"author":[{"embeddable":true,"href":"https:\/\/starlight-energy.com\/it\/wp-json\/wp\/v2\/users\/4"}],"replies":[{"embeddable":true,"href":"https:\/\/starlight-energy.com\/it\/wp-json\/wp\/v2\/comments?post=1582"}],"version-history":[{"count":7,"href":"https:\/\/starlight-energy.com\/it\/wp-json\/wp\/v2\/pages\/1582\/revisions"}],"predecessor-version":[{"id":1595,"href":"https:\/\/starlight-energy.com\/it\/wp-json\/wp\/v2\/pages\/1582\/revisions\/1595"}],"wp:attachment":[{"href":"https:\/\/starlight-energy.com\/it\/wp-json\/wp\/v2\/media?parent=1582"}],"curies":[{"name":"wp","href":"https:\/\/api.w.org\/{rel}","templated":true}]}}