{"id":1914,"date":"2025-10-21T08:54:23","date_gmt":"2025-10-21T08:54:23","guid":{"rendered":"https:\/\/starlight-energy.com\/giugliano-compare-sul-corriere-della-sera-come-simbolo-di-cambiamento-positivo\/"},"modified":"2025-10-21T10:24:46","modified_gmt":"2025-10-21T10:24:46","slug":"giugliano-compare-sul-corriere-della-sera-come-simbolo-di-cambiamento-positivo","status":"publish","type":"page","link":"https:\/\/starlight-energy.com\/it\/giugliano-compare-sul-corriere-della-sera-come-simbolo-di-cambiamento-positivo\/","title":{"rendered":"Giugliano compare sul Corriere della Sera come simbolo di cambiamento positivo"},"content":{"rendered":"\n                    <section class=\"block block_full-bleed-header \">\n                                <div class=\"block-inner will-transition \">\n                \n<div class=\"wrapper \">\n    <div data-sizes=\"auto\" class=\"ric-bg lazyload background-image\" data-parent-fit=\"cover\" data-parent-container=\"html|.ric-bg\" data-bgset=\"\/wp-content\/uploads\/2025\/10\/WE-ARE-ATTENDING-7-350x216.png 350w 216h, \/wp-content\/uploads\/2025\/10\/WE-ARE-ATTENDING-7-625x386.png 625w 386h, \/wp-content\/uploads\/2025\/10\/WE-ARE-ATTENDING-7-1250x772.png 1250w 772h, \/wp-content\/uploads\/2025\/10\/WE-ARE-ATTENDING-7.png 1438w 888h, \/wp-content\/uploads\/2025\/10\/WE-ARE-ATTENDING-7-300x300.png 300w 300h, \/wp-content\/uploads\/2025\/10\/WE-ARE-ATTENDING-7-600x600.png 600w 600h, \/wp-content\/uploads\/2025\/10\/WE-ARE-ATTENDING-7-1200x888.png 1200w 888h, \/wp-content\/uploads\/2025\/10\/WE-ARE-ATTENDING-7.png 1438w 888h, \/wp-content\/uploads\/2025\/10\/WE-ARE-ATTENDING-7-200x250.png 200w 250h, \/wp-content\/uploads\/2025\/10\/WE-ARE-ATTENDING-7-400x500.png 400w 500h, \/wp-content\/uploads\/2025\/10\/WE-ARE-ATTENDING-7-800x888.png 800w 888h, \/wp-content\/uploads\/2025\/10\/WE-ARE-ATTENDING-7.png 1438w 888h, \/wp-content\/uploads\/2025\/10\/WE-ARE-ATTENDING-7-378x195.png 378w 195h, \/wp-content\/uploads\/2025\/10\/WE-ARE-ATTENDING-7-630x325.png 630w 325h, \/wp-content\/uploads\/2025\/10\/WE-ARE-ATTENDING-7-1260x650.png 1260w 650h, \/wp-content\/uploads\/2025\/10\/WE-ARE-ATTENDING-7.png 1438w 888h\">\n        <div class=\"image-overlay\"><\/div>\n        <div class=\"title-container\">\n            <h1 class=\"xl-title\">\n                Giugliano compare sul Corriere della Sera come simbolo di cambiamento positivo            <\/h1>\n        <\/div>\n                <div class=\"scroll-instruction button-text\">\n            <p>Scroll to explore<\/p>\n        <\/div>\n            <\/div>\n<\/div>\n\n                <\/div>\n            <\/section>\n\n\n\n\n                    <section class=\"block block_single-column-text \">\n                                <div class=\"block-inner will-transition \">\n                \n\n<div class=\"content wysiwyg\">\n    <p style=\"text-align: center;\"><strong>Un tempo nota per le sue sfide ambientali, Giugliano in Campania sta diventando oggi un simbolo di cambiamento positivo, e Starlight \u00e8 orgogliosa di far parte di questa storia.<\/strong><\/p>\n<\/div>\n\n                <\/div>\n            <\/section>\n\n\n\n\n                    <section class=\"block block_single-column-text \">\n                                <div class=\"block-inner will-transition \">\n                \n\n<div class=\"content wysiwyg\">\n    <p>21 Ottobre | 2025<\/p>\n<p>L&#8217;articolo pubblicato sul Corriere della Sera afferma che, dopo un processo progettuale e burocratico durato oltre sei anni, l&#8217;impianto agrivoltaico di Giugliano, in Campania, sta ufficialmente prendendo forma.<\/p>\n<p>L&#8217;articolo riportava le parole di Gianluca Boccanera, amministratore delegato globale di Starlight, che ha commentato: \u201cVogliamo rivitalizzare un&#8217;area che \u00e8 stata penalizzata per troppi anni dal punto di vista economico, ambientale e sociale. L&#8217;obiettivo era quello di coinvolgere gli agricoltori locali e sviluppare un modello di co-progettazione che potesse essere esportato in altri contesti, sia a livello nazionale che internazionale\u201d.<\/p>\n<p>L&#8217;impianto di Giugliano in Campania, che sar\u00e0 costruito nelle localit\u00e0 di Provvidenza, La Pigna e Cinistrelli, avr\u00e0 una potenza di 73,5 MW e coprir\u00e0 un&#8217;area di circa 130 ettari, con una produzione prevista di circa 130 GWh all&#8217;anno. Sulla base del consumo medio, il parco dovrebbe quindi soddisfare il fabbisogno energetico di circa 48.000 famiglie, l&#8217;equivalente di una citt\u00e0 delle dimensioni di Padova o Taranto, e generare un risparmio fino a 60.000 tonnellate di CO2 all&#8217;anno.<\/p>\n<p><a href=\"https:\/\/napoli.corriere.it\/notizie\/cronaca\/25_ottobre_20\/da-terra-dei-fuochi-a-terra-del-sole-l-agrivoltaico-a-giugliano-2d5078d5-b332-4736-96cf-100f61464xlk.shtml?refresh_ce\">scarica l&#8217;articolo completo qui<\/a><\/p>\n<\/div>\n\n                <\/div>\n            <\/section>\n\n\n\n\n                    <section class=\"block block_banner \">\n                                <div class=\"block-inner will-transition \">\n                \n\n\n<div data-sizes=\"auto\" class=\"ric-bg lazyload background-image wrapper\" data-parent-fit=\"cover\" data-parent-container=\"html|.ric-bg\" data-bgset=\"\/wp-content\/uploads\/2024\/10\/Langenhoe_north-eastern-wildflower-area_20.06.2024-1-350x181.jpg 350w 181h, \/wp-content\/uploads\/2024\/10\/Langenhoe_north-eastern-wildflower-area_20.06.2024-1-625x324.jpg 625w 324h, \/wp-content\/uploads\/2024\/10\/Langenhoe_north-eastern-wildflower-area_20.06.2024-1-1250x648.jpg 1250w 648h, \/wp-content\/uploads\/2024\/10\/Langenhoe_north-eastern-wildflower-area_20.06.2024-1-2500x1296.jpg 2500w 1296h, \/wp-content\/uploads\/2024\/10\/Langenhoe_north-eastern-wildflower-area_20.06.2024-1-300x300.jpg 300w 300h, \/wp-content\/uploads\/2024\/10\/Langenhoe_north-eastern-wildflower-area_20.06.2024-1-600x600.jpg 600w 600h, \/wp-content\/uploads\/2024\/10\/Langenhoe_north-eastern-wildflower-area_20.06.2024-1-1200x1200.jpg 1200w 1200h, \/wp-content\/uploads\/2024\/10\/Langenhoe_north-eastern-wildflower-area_20.06.2024-1-2000x2000.jpg 2000w 2000h, \/wp-content\/uploads\/2024\/10\/Langenhoe_north-eastern-wildflower-area_20.06.2024-1-200x250.jpg 200w 250h, \/wp-content\/uploads\/2024\/10\/Langenhoe_north-eastern-wildflower-area_20.06.2024-1-400x500.jpg 400w 500h, \/wp-content\/uploads\/2024\/10\/Langenhoe_north-eastern-wildflower-area_20.06.2024-1-800x1000.jpg 800w 1000h, \/wp-content\/uploads\/2024\/10\/Langenhoe_north-eastern-wildflower-area_20.06.2024-1-1600x2000.jpg 1600w 2000h, \/wp-content\/uploads\/2024\/10\/Langenhoe_north-eastern-wildflower-area_20.06.2024-1-378x195.jpg 378w 195h, \/wp-content\/uploads\/2024\/10\/Langenhoe_north-eastern-wildflower-area_20.06.2024-1-630x325.jpg 630w 325h, \/wp-content\/uploads\/2024\/10\/Langenhoe_north-eastern-wildflower-area_20.06.2024-1-1260x650.jpg 1260w 650h, \/wp-content\/uploads\/2024\/10\/Langenhoe_north-eastern-wildflower-area_20.06.2024-1-1890x1350.jpg 1890w 1350h\">\n    <div class=\"content\">\n        <h2 class=\"large-title\">Chi lo fa<\/h2>\n                            <a href=\"https:\/\/starlight-energy.com\/who-does-it\/\" class=\"button-text\">Scopri di pi\u00f9<\/a>\n            <\/div>\n<\/div>\n\n                <\/div>\n            <\/section>\n\n","protected":false},"excerpt":{"rendered":"","protected":false},"author":4,"featured_media":0,"parent":0,"menu_order":0,"comment_status":"closed","ping_status":"closed","template":"","meta":{"_acf_changed":false,"footnotes":""},"class_list":["post-1914","page","type-page","status-publish","hentry"],"acf":[],"yoast_head":"<!-- This site is optimized with the Yoast SEO plugin v26.6 - https:\/\/yoast.com\/wordpress\/plugins\/seo\/ -->\n<title>Giugliano compare sul Corriere della Sera come simbolo di cambiamento positivo - Starlight<\/title>\n<meta name=\"robots\" content=\"index, follow, max-snippet:-1, max-image-preview:large, max-video-preview:-1\" \/>\n<link rel=\"canonical\" href=\"https:\/\/starlight-energy.com\/it\/giugliano-compare-sul-corriere-della-sera-come-simbolo-di-cambiamento-positivo\/\" \/>\n<meta property=\"og:locale\" content=\"it_IT\" \/>\n<meta property=\"og:type\" content=\"article\" \/>\n<meta property=\"og:title\" content=\"Giugliano compare sul Corriere della Sera come simbolo di cambiamento positivo - Starlight\" \/>\n<meta property=\"og:url\" content=\"https:\/\/starlight-energy.com\/it\/giugliano-compare-sul-corriere-della-sera-come-simbolo-di-cambiamento-positivo\/\" \/>\n<meta property=\"og:site_name\" content=\"Starlight\" \/>\n<meta property=\"article:modified_time\" content=\"2025-10-21T10:24:46+00:00\" \/>\n<meta property=\"og:image\" content=\"https:\/\/starlight-energy.com\/wp-content\/uploads\/2024\/01\/Starlight-favicon.png\" \/>\n\t<meta property=\"og:image:width\" content=\"260\" \/>\n\t<meta property=\"og:image:height\" content=\"260\" \/>\n\t<meta property=\"og:image:type\" content=\"image\/png\" \/>\n<meta name=\"twitter:card\" content=\"summary_large_image\" \/>\n<script type=\"application\/ld+json\" class=\"yoast-schema-graph\">{\"@context\":\"https:\/\/schema.org\",\"@graph\":[{\"@type\":\"WebPage\",\"@id\":\"https:\/\/starlight-energy.com\/it\/giugliano-compare-sul-corriere-della-sera-come-simbolo-di-cambiamento-positivo\/\",\"url\":\"https:\/\/starlight-energy.com\/it\/giugliano-compare-sul-corriere-della-sera-come-simbolo-di-cambiamento-positivo\/\",\"name\":\"Giugliano compare sul Corriere della Sera come simbolo di cambiamento positivo - Starlight\",\"isPartOf\":{\"@id\":\"https:\/\/www.starlight-energy.com\/it\/#website\"},\"datePublished\":\"2025-10-21T08:54:23+00:00\",\"dateModified\":\"2025-10-21T10:24:46+00:00\",\"breadcrumb\":{\"@id\":\"https:\/\/starlight-energy.com\/it\/giugliano-compare-sul-corriere-della-sera-come-simbolo-di-cambiamento-positivo\/#breadcrumb\"},\"inLanguage\":\"it-IT\",\"potentialAction\":[{\"@type\":\"ReadAction\",\"target\":[\"https:\/\/starlight-energy.com\/it\/giugliano-compare-sul-corriere-della-sera-come-simbolo-di-cambiamento-positivo\/\"]}]},{\"@type\":\"BreadcrumbList\",\"@id\":\"https:\/\/starlight-energy.com\/it\/giugliano-compare-sul-corriere-della-sera-come-simbolo-di-cambiamento-positivo\/#breadcrumb\",\"itemListElement\":[{\"@type\":\"ListItem\",\"position\":1,\"name\":\"Home\",\"item\":\"https:\/\/starlight-energy.com\/it\/\"},{\"@type\":\"ListItem\",\"position\":2,\"name\":\"Giugliano compare sul Corriere della Sera come simbolo di cambiamento positivo\"}]},{\"@type\":\"WebSite\",\"@id\":\"https:\/\/www.starlight-energy.com\/it\/#website\",\"url\":\"https:\/\/www.starlight-energy.com\/it\/\",\"name\":\"Starlight Website\",\"description\":\"\",\"publisher\":{\"@id\":\"https:\/\/www.starlight-energy.com\/it\/#organization\"},\"potentialAction\":[{\"@type\":\"SearchAction\",\"target\":{\"@type\":\"EntryPoint\",\"urlTemplate\":\"https:\/\/www.starlight-energy.com\/it\/?s={search_term_string}\"},\"query-input\":{\"@type\":\"PropertyValueSpecification\",\"valueRequired\":true,\"valueName\":\"search_term_string\"}}],\"inLanguage\":\"it-IT\"},{\"@type\":\"Organization\",\"@id\":\"https:\/\/www.starlight-energy.com\/it\/#organization\",\"name\":\"Starlight Energy\",\"url\":\"https:\/\/www.starlight-energy.com\/it\/\",\"logo\":{\"@type\":\"ImageObject\",\"inLanguage\":\"it-IT\",\"@id\":\"https:\/\/www.starlight-energy.com\/it\/#\/schema\/logo\/image\/\",\"url\":\"\/wp-content\/uploads\/2024\/01\/Starlight-favicon.png\",\"contentUrl\":\"\/wp-content\/uploads\/2024\/01\/Starlight-favicon.png\",\"width\":260,\"height\":260,\"caption\":\"Starlight Energy\"},\"image\":{\"@id\":\"https:\/\/www.starlight-energy.com\/it\/#\/schema\/logo\/image\/\"}}]}<\/script>\n<!-- \/ Yoast SEO plugin. -->","yoast_head_json":{"title":"Giugliano compare sul Corriere della Sera come simbolo di cambiamento positivo - Starlight","robots":{"index":"index","follow":"follow","max-snippet":"max-snippet:-1","max-image-preview":"max-image-preview:large","max-video-preview":"max-video-preview:-1"},"canonical":"https:\/\/starlight-energy.com\/it\/giugliano-compare-sul-corriere-della-sera-come-simbolo-di-cambiamento-positivo\/","og_locale":"it_IT","og_type":"article","og_title":"Giugliano compare sul Corriere della Sera come simbolo di cambiamento positivo - Starlight","og_url":"https:\/\/starlight-energy.com\/it\/giugliano-compare-sul-corriere-della-sera-come-simbolo-di-cambiamento-positivo\/","og_site_name":"Starlight","article_modified_time":"2025-10-21T10:24:46+00:00","og_image":[{"width":260,"height":260,"url":"https:\/\/starlight-energy.com\/wp-content\/uploads\/2024\/01\/Starlight-favicon.png","type":"image\/png"}],"twitter_card":"summary_large_image","schema":{"@context":"https:\/\/schema.org","@graph":[{"@type":"WebPage","@id":"https:\/\/starlight-energy.com\/it\/giugliano-compare-sul-corriere-della-sera-come-simbolo-di-cambiamento-positivo\/","url":"https:\/\/starlight-energy.com\/it\/giugliano-compare-sul-corriere-della-sera-come-simbolo-di-cambiamento-positivo\/","name":"Giugliano compare sul Corriere della Sera come simbolo di cambiamento positivo - Starlight","isPartOf":{"@id":"https:\/\/www.starlight-energy.com\/it\/#website"},"datePublished":"2025-10-21T08:54:23+00:00","dateModified":"2025-10-21T10:24:46+00:00","breadcrumb":{"@id":"https:\/\/starlight-energy.com\/it\/giugliano-compare-sul-corriere-della-sera-come-simbolo-di-cambiamento-positivo\/#breadcrumb"},"inLanguage":"it-IT","potentialAction":[{"@type":"ReadAction","target":["https:\/\/starlight-energy.com\/it\/giugliano-compare-sul-corriere-della-sera-come-simbolo-di-cambiamento-positivo\/"]}]},{"@type":"BreadcrumbList","@id":"https:\/\/starlight-energy.com\/it\/giugliano-compare-sul-corriere-della-sera-come-simbolo-di-cambiamento-positivo\/#breadcrumb","itemListElement":[{"@type":"ListItem","position":1,"name":"Home","item":"https:\/\/starlight-energy.com\/it\/"},{"@type":"ListItem","position":2,"name":"Giugliano compare sul Corriere della Sera come simbolo di cambiamento positivo"}]},{"@type":"WebSite","@id":"https:\/\/www.starlight-energy.com\/it\/#website","url":"https:\/\/www.starlight-energy.com\/it\/","name":"Starlight Website","description":"","publisher":{"@id":"https:\/\/www.starlight-energy.com\/it\/#organization"},"potentialAction":[{"@type":"SearchAction","target":{"@type":"EntryPoint","urlTemplate":"https:\/\/www.starlight-energy.com\/it\/?s={search_term_string}"},"query-input":{"@type":"PropertyValueSpecification","valueRequired":true,"valueName":"search_term_string"}}],"inLanguage":"it-IT"},{"@type":"Organization","@id":"https:\/\/www.starlight-energy.com\/it\/#organization","name":"Starlight Energy","url":"https:\/\/www.starlight-energy.com\/it\/","logo":{"@type":"ImageObject","inLanguage":"it-IT","@id":"https:\/\/www.starlight-energy.com\/it\/#\/schema\/logo\/image\/","url":"\/wp-content\/uploads\/2024\/01\/Starlight-favicon.png","contentUrl":"\/wp-content\/uploads\/2024\/01\/Starlight-favicon.png","width":260,"height":260,"caption":"Starlight Energy"},"image":{"@id":"https:\/\/www.starlight-energy.com\/it\/#\/schema\/logo\/image\/"}}]}},"_links":{"self":[{"href":"https:\/\/starlight-energy.com\/it\/wp-json\/wp\/v2\/pages\/1914","targetHints":{"allow":["GET"]}}],"collection":[{"href":"https:\/\/starlight-energy.com\/it\/wp-json\/wp\/v2\/pages"}],"about":[{"href":"https:\/\/starlight-energy.com\/it\/wp-json\/wp\/v2\/types\/page"}],"author":[{"embeddable":true,"href":"https:\/\/starlight-energy.com\/it\/wp-json\/wp\/v2\/users\/4"}],"replies":[{"embeddable":true,"href":"https:\/\/starlight-energy.com\/it\/wp-json\/wp\/v2\/comments?post=1914"}],"version-history":[{"count":1,"href":"https:\/\/starlight-energy.com\/it\/wp-json\/wp\/v2\/pages\/1914\/revisions"}],"predecessor-version":[{"id":1919,"href":"https:\/\/starlight-energy.com\/it\/wp-json\/wp\/v2\/pages\/1914\/revisions\/1919"}],"wp:attachment":[{"href":"https:\/\/starlight-energy.com\/it\/wp-json\/wp\/v2\/media?parent=1914"}],"curies":[{"name":"wp","href":"https:\/\/api.w.org\/{rel}","templated":true}]}}