{"id":908,"date":"2023-08-09T13:15:07","date_gmt":"2023-08-09T13:15:07","guid":{"rendered":"https:\/\/euw-startlight-website-app-dev.azurewebsites.net\/perche-lo-facciamo\/"},"modified":"2024-03-13T17:22:03","modified_gmt":"2024-03-13T17:22:03","slug":"perche-lo-facciamo","status":"publish","type":"page","link":"https:\/\/starlight-energy.com\/it\/perche-lo-facciamo\/","title":{"rendered":"Perch\u00e9 lo facciamo"},"content":{"rendered":"\n                    <section class=\"block block_full-bleed-header \">\n                                <div class=\"block-inner will-transition \">\n                \n<div class=\"wrapper \">\n    <div data-sizes=\"auto\" class=\"ric-bg lazyload background-image\" data-parent-fit=\"cover\" data-parent-container=\"html|.ric-bg\" data-bgset=\"\/wp-content\/uploads\/2023\/11\/wind_energy-350x233.jpg 350w 233h, \/wp-content\/uploads\/2023\/11\/wind_energy-625x417.jpg 625w 417h, \/wp-content\/uploads\/2023\/11\/wind_energy-1250x833.jpg 1250w 833h, \/wp-content\/uploads\/2023\/11\/wind_energy.jpg 1920w 1280h, \/wp-content\/uploads\/2023\/11\/wind_energy-300x300.jpg 300w 300h, \/wp-content\/uploads\/2023\/11\/wind_energy-600x600.jpg 600w 600h, \/wp-content\/uploads\/2023\/11\/wind_energy-1200x1200.jpg 1200w 1200h, \/wp-content\/uploads\/2023\/11\/wind_energy.jpg 1920w 1280h, \/wp-content\/uploads\/2023\/11\/wind_energy-200x250.jpg 200w 250h, \/wp-content\/uploads\/2023\/11\/wind_energy-400x500.jpg 400w 500h, \/wp-content\/uploads\/2023\/11\/wind_energy-800x1000.jpg 800w 1000h, \/wp-content\/uploads\/2023\/11\/wind_energy-1600x1280.jpg 1600w 1280h, \/wp-content\/uploads\/2023\/11\/wind_energy-378x195.jpg 378w 195h, \/wp-content\/uploads\/2023\/11\/wind_energy-630x325.jpg 630w 325h, \/wp-content\/uploads\/2023\/11\/wind_energy-1260x650.jpg 1260w 650h, \/wp-content\/uploads\/2023\/11\/wind_energy-1890x1280.jpg 1890w 1280h\">\n        <div class=\"image-overlay\"><\/div>\n        <div class=\"title-container\">\n            <h1 class=\"xl-title\">\n                Perch\u00e9 lo facciamo            <\/h1>\n        <\/div>\n                <div class=\"scroll-instruction button-text\">\n            <p>Scorri per approfondire<\/p>\n        <\/div>\n            <\/div>\n<\/div>\n\n                <\/div>\n            <\/section>\n\n\n\n\n                    <section class=\"block block_single-column-text \">\n                                <div class=\"block-inner will-transition \">\n                \n\n<div class=\"content wysiwyg\">\n    <h2 class=\"main-title\" style=\"text-align: center;\">Carbone, gas naturale e petrolio ci hanno portato prosperit\u00e0 e benessere per molti decenni, ma al prezzo elevato di un massiccio inquinamento atmosferico e della distruzione dei nostri mezzi di sostentamento<\/h2>\n<\/div>\n\n                <\/div>\n            <\/section>\n\n\n\n\n                    <section class=\"block block_two-column-image-text transition\">\n                                <div class=\"block-inner will-transition \">\n                <div class=\"wrapper image-left\">\n\n<div class=\"rsp-wrapper rsp-807-original  portrait\"><img class=\" lazyload\" alt=\"Screenshot 2023-07-17 at 10.47\" data-srcset=\"\/wp-content\/uploads\/2023\/08\/Screenshot-2023-07-17-at-10.47-2500x2970.jpg?t=0&#038;ratio=0.84175084175084 2500w, \/wp-content\/uploads\/2023\/08\/Screenshot-2023-07-17-at-10.47-1250x1485.jpg?t=0&#038;ratio=0.84175084175084 1250w, \/wp-content\/uploads\/2023\/08\/Screenshot-2023-07-17-at-10.47-625x743.jpg?t=0&#038;ratio=0.84118438761777 625w, \/wp-content\/uploads\/2023\/08\/Screenshot-2023-07-17-at-10.47-450x535.jpg?t=0&#038;ratio=0.84134615384615 350w\" data-sizes=\"auto\"><\/div><div class=\"wysiwyg\">\n    <h2 class=\"main-title\">E&#8217; tempo di cambiare<\/h2>\n<p>Anno dopo anno, le emissioni di gas serra hanno contribuito sempre di pi\u00f9 al riscaldamento dell&#8217;atmosfera terrestre e quindi a un cambiamento climatico su larga scala. Oggi \u00e8 l&#8217;esistenza stessa degli esseri umani ad essere in pericolo. Se non riusciamo a mantenere l&#8217;aumento della temperatura media globale ben al di sotto di 1,5 gradi, il cambiamento climatico coster\u00e0 a noi e ai nostri figli milioni di vite. \u00c8 in gioco tutto ci\u00f2 a cui teniamo.<\/p>\n<p>Il pianeta sopravviver\u00e0, noi no.<\/p>\n<p>Non \u00e8 una scelta, \u00e8 un cambiamento necessario per sopravvivere.<\/p>\n<\/div>\n\n                <\/div>\n            <\/section>\n\n\n\n\n                    <section class=\"block block_two-column-image-text transition\">\n                                <div class=\"block-inner will-transition \">\n                <div class=\"wrapper image-right\">\n\n<div class=\"rsp-wrapper rsp-808-original  portrait\"><img class=\" lazyload\" alt=\"Screenshot 2023-07-17 at 10.47 (1)\" data-srcset=\"\/wp-content\/uploads\/2023\/08\/Screenshot-2023-07-17-at-10.47-1-2500x2970.jpg?t=0&#038;ratio=0.84175084175084 2500w, \/wp-content\/uploads\/2023\/08\/Screenshot-2023-07-17-at-10.47-1-1250x1485.jpg?t=0&#038;ratio=0.84175084175084 1250w, \/wp-content\/uploads\/2023\/08\/Screenshot-2023-07-17-at-10.47-1-625x743.jpg?t=0&#038;ratio=0.84118438761777 625w, \/wp-content\/uploads\/2023\/08\/Screenshot-2023-07-17-at-10.47-1-450x535.jpg?t=0&#038;ratio=0.84134615384615 350w\" data-sizes=\"auto\"><\/div><div class=\"wysiwyg\">\n    <h2 class=\"main-title\">La nostra sfida<\/h2>\n<p>La crisi climatica non si risolve da sola, ma abbiamo le tecnologie giuste per contrastarla. Dobbiamo optare ora per un futuro equo basato sul 100% di energia da fonti rinnovabili per raggiungere entro il 2050 l\u2019abbattimento totale delle emissioni di gas serra. La nostra sfida \u00e8 cambiare la nostra mentalit\u00e0, le nostre abitudini e convertire il sistema energetico a favore dell\u2019utilizzo al 100% di fonti rinnovabili.<\/p>\n<p>Il tempo sta gi\u00e0 per scadere: entro il 2030 la quota di energie rinnovabili dovrebbe raddoppiare a livello mondiale, passando dal 16% del 2020 al 34%, per poi raggiungere il 77% nel 2050.<\/p>\n<p>La strada da percorrere \u00e8 ancora lunga, ma il futuro potrebbe essere ancora pi\u00f9 luminoso di come appare adesso. Investire nella decarbonizzazione sar\u00e0 il motore principale di una rinascita economica sostenibile, con la creazione di nuovi posti di lavoro (le ultime ricerche dicono che nel 2050 ci saranno fino a 60 milioni di nuovi posti di lavoro verdi a livello globale), l&#8217;aumento della ricchezza delle persone, l&#8217;allentamento delle tensioni geopolitiche grazie all&#8217;indipendenza energetica e il ripristino della biodiversit\u00e0 e degli ecosistemi degradati.<\/p>\n<p>&nbsp;<\/p>\n<\/div>\n\n                <\/div>\n            <\/section>\n\n\n\n\n                    <section class=\"block block_single-column-text \">\n                                <div class=\"block-inner will-transition \">\n                \n\n<div class=\"content wysiwyg\">\n    <h2 class=\"main-title\" style=\"text-align: center;\">Noi stiamo gi\u00e0 facendo la nostra parte<\/h2>\n<h2 class=\"main-title\" style=\"text-align: center;\">Starlight \u00e8 uno sviluppatore etico e globale di progetti rinnovabili che, con la sua attivit\u00e0, contribuisce alla missione del Gruppo NextEnergy di guidare la transizione verso l&#8217;utilizzo di energia pulita<\/h2>\n<h2 class=\"main-title\" style=\"text-align: center;\">Ci concentriamo con un approccio responsabile sullo sviluppo di progetti innovativi, sostenibili e di elevata qualit\u00e0 in vari segmenti del settore delle energie rinnovabili<\/h2>\n<\/div>\n\n                <\/div>\n            <\/section>\n\n\n\n\n                    <section class=\"block block_banner \">\n                                <div class=\"block-inner will-transition \">\n                \n\n\n<div data-sizes=\"auto\" class=\"ric-bg lazyload background-image wrapper\" data-parent-fit=\"cover\" data-parent-container=\"html|.ric-bg\" data-bgset=\"\/wp-content\/uploads\/2023\/08\/005-Promo-colours-450x235.jpg 350w 183h, \/wp-content\/uploads\/2023\/08\/005-Promo-colours-840x438.jpg 625w 326h, \/wp-content\/uploads\/2023\/08\/005-Promo-colours.jpg 1250w 652h, \/wp-content\/uploads\/2023\/08\/005-Promo-colours.jpg 1260w 657h, \/wp-content\/uploads\/2023\/08\/005-Promo-colours-300x300.jpg 300w 300h, \/wp-content\/uploads\/2023\/08\/005-Promo-colours-700x657.jpg 600w 563h, \/wp-content\/uploads\/2023\/08\/005-Promo-colours-1000x657.jpg 1000w 657h, \/wp-content\/uploads\/2023\/08\/005-Promo-colours-1000x657.jpg 1000w 657h, \/wp-content\/uploads\/2023\/08\/005-Promo-colours.jpg 200w 104h, \/wp-content\/uploads\/2023\/08\/005-Promo-colours.jpg 400w 209h, \/wp-content\/uploads\/2023\/08\/005-Promo-colours.jpg 800w 417h, \/wp-content\/uploads\/2023\/08\/005-Promo-colours.jpg 1260w 657h, \/wp-content\/uploads\/2023\/08\/005-Promo-colours-320x205.jpg 304w 195h, \/wp-content\/uploads\/2023\/08\/005-Promo-colours-640x410.jpg 507w 325h, \/wp-content\/uploads\/2023\/08\/005-Promo-colours-960x615.jpg 960w 615h, \/wp-content\/uploads\/2023\/08\/005-Promo-colours.jpg 1260w 657h\">\n    <div class=\"content\">\n        <h2 class=\"large-title\">Agisci ora! <\/h2>\n                            <a href=\"https:\/\/starlight-energy.com\/it\/unisciti-a-noi\/partners\/\" class=\"button-text\">Diventa nostro partner in questa sfida globale ed esistenziale<\/a>\n            <\/div>\n<\/div>\n\n                <\/div>\n            <\/section>\n\n","protected":false},"excerpt":{"rendered":"","protected":false},"author":7,"featured_media":0,"parent":0,"menu_order":0,"comment_status":"closed","ping_status":"closed","template":"","meta":{"_acf_changed":false,"footnotes":""},"class_list":["post-908","page","type-page","status-publish","hentry"],"acf":[],"yoast_head":"<!-- This site is optimized with the Yoast SEO plugin v26.6 - https:\/\/yoast.com\/wordpress\/plugins\/seo\/ -->\n<title>Perch\u00e9 lo facciamo - Starlight<\/title>\n<meta name=\"robots\" content=\"index, follow, max-snippet:-1, max-image-preview:large, max-video-preview:-1\" \/>\n<link rel=\"canonical\" href=\"https:\/\/starlight-energy.com\/it\/perche-lo-facciamo\/\" \/>\n<meta property=\"og:locale\" content=\"it_IT\" \/>\n<meta property=\"og:type\" content=\"article\" \/>\n<meta property=\"og:title\" content=\"Perch\u00e9 lo facciamo - Starlight\" \/>\n<meta property=\"og:url\" content=\"https:\/\/starlight-energy.com\/it\/perche-lo-facciamo\/\" \/>\n<meta property=\"og:site_name\" content=\"Starlight\" \/>\n<meta property=\"article:modified_time\" content=\"2024-03-13T17:22:03+00:00\" \/>\n<meta property=\"og:image\" content=\"https:\/\/starlight-energy.com\/wp-content\/uploads\/2024\/01\/Starlight-favicon.png\" \/>\n\t<meta property=\"og:image:width\" content=\"260\" \/>\n\t<meta property=\"og:image:height\" content=\"260\" \/>\n\t<meta property=\"og:image:type\" content=\"image\/png\" \/>\n<meta name=\"twitter:card\" content=\"summary_large_image\" \/>\n<script type=\"application\/ld+json\" class=\"yoast-schema-graph\">{\"@context\":\"https:\/\/schema.org\",\"@graph\":[{\"@type\":\"WebPage\",\"@id\":\"https:\/\/starlight-energy.com\/it\/perche-lo-facciamo\/\",\"url\":\"https:\/\/starlight-energy.com\/it\/perche-lo-facciamo\/\",\"name\":\"Perch\u00e9 lo facciamo - Starlight\",\"isPartOf\":{\"@id\":\"https:\/\/www.starlight-energy.com\/it\/#website\"},\"datePublished\":\"2023-08-09T13:15:07+00:00\",\"dateModified\":\"2024-03-13T17:22:03+00:00\",\"breadcrumb\":{\"@id\":\"https:\/\/starlight-energy.com\/it\/perche-lo-facciamo\/#breadcrumb\"},\"inLanguage\":\"it-IT\",\"potentialAction\":[{\"@type\":\"ReadAction\",\"target\":[\"https:\/\/starlight-energy.com\/it\/perche-lo-facciamo\/\"]}]},{\"@type\":\"BreadcrumbList\",\"@id\":\"https:\/\/starlight-energy.com\/it\/perche-lo-facciamo\/#breadcrumb\",\"itemListElement\":[{\"@type\":\"ListItem\",\"position\":1,\"name\":\"Home\",\"item\":\"https:\/\/www.starlight-energy.com\/it\/\"},{\"@type\":\"ListItem\",\"position\":2,\"name\":\"Perch\u00e9 lo facciamo\"}]},{\"@type\":\"WebSite\",\"@id\":\"https:\/\/www.starlight-energy.com\/it\/#website\",\"url\":\"https:\/\/www.starlight-energy.com\/it\/\",\"name\":\"Starlight Website\",\"description\":\"\",\"publisher\":{\"@id\":\"https:\/\/www.starlight-energy.com\/it\/#organization\"},\"potentialAction\":[{\"@type\":\"SearchAction\",\"target\":{\"@type\":\"EntryPoint\",\"urlTemplate\":\"https:\/\/www.starlight-energy.com\/it\/?s={search_term_string}\"},\"query-input\":{\"@type\":\"PropertyValueSpecification\",\"valueRequired\":true,\"valueName\":\"search_term_string\"}}],\"inLanguage\":\"it-IT\"},{\"@type\":\"Organization\",\"@id\":\"https:\/\/www.starlight-energy.com\/it\/#organization\",\"name\":\"Starlight Energy\",\"url\":\"https:\/\/www.starlight-energy.com\/it\/\",\"logo\":{\"@type\":\"ImageObject\",\"inLanguage\":\"it-IT\",\"@id\":\"https:\/\/www.starlight-energy.com\/it\/#\/schema\/logo\/image\/\",\"url\":\"\/wp-content\/uploads\/2024\/01\/Starlight-favicon.png\",\"contentUrl\":\"\/wp-content\/uploads\/2024\/01\/Starlight-favicon.png\",\"width\":260,\"height\":260,\"caption\":\"Starlight Energy\"},\"image\":{\"@id\":\"https:\/\/www.starlight-energy.com\/it\/#\/schema\/logo\/image\/\"}}]}<\/script>\n<!-- \/ Yoast SEO plugin. -->","yoast_head_json":{"title":"Perch\u00e9 lo facciamo - Starlight","robots":{"index":"index","follow":"follow","max-snippet":"max-snippet:-1","max-image-preview":"max-image-preview:large","max-video-preview":"max-video-preview:-1"},"canonical":"https:\/\/starlight-energy.com\/it\/perche-lo-facciamo\/","og_locale":"it_IT","og_type":"article","og_title":"Perch\u00e9 lo facciamo - Starlight","og_url":"https:\/\/starlight-energy.com\/it\/perche-lo-facciamo\/","og_site_name":"Starlight","article_modified_time":"2024-03-13T17:22:03+00:00","og_image":[{"width":260,"height":260,"url":"https:\/\/starlight-energy.com\/wp-content\/uploads\/2024\/01\/Starlight-favicon.png","type":"image\/png"}],"twitter_card":"summary_large_image","schema":{"@context":"https:\/\/schema.org","@graph":[{"@type":"WebPage","@id":"https:\/\/starlight-energy.com\/it\/perche-lo-facciamo\/","url":"https:\/\/starlight-energy.com\/it\/perche-lo-facciamo\/","name":"Perch\u00e9 lo facciamo - Starlight","isPartOf":{"@id":"https:\/\/www.starlight-energy.com\/it\/#website"},"datePublished":"2023-08-09T13:15:07+00:00","dateModified":"2024-03-13T17:22:03+00:00","breadcrumb":{"@id":"https:\/\/starlight-energy.com\/it\/perche-lo-facciamo\/#breadcrumb"},"inLanguage":"it-IT","potentialAction":[{"@type":"ReadAction","target":["https:\/\/starlight-energy.com\/it\/perche-lo-facciamo\/"]}]},{"@type":"BreadcrumbList","@id":"https:\/\/starlight-energy.com\/it\/perche-lo-facciamo\/#breadcrumb","itemListElement":[{"@type":"ListItem","position":1,"name":"Home","item":"https:\/\/www.starlight-energy.com\/it\/"},{"@type":"ListItem","position":2,"name":"Perch\u00e9 lo facciamo"}]},{"@type":"WebSite","@id":"https:\/\/www.starlight-energy.com\/it\/#website","url":"https:\/\/www.starlight-energy.com\/it\/","name":"Starlight Website","description":"","publisher":{"@id":"https:\/\/www.starlight-energy.com\/it\/#organization"},"potentialAction":[{"@type":"SearchAction","target":{"@type":"EntryPoint","urlTemplate":"https:\/\/www.starlight-energy.com\/it\/?s={search_term_string}"},"query-input":{"@type":"PropertyValueSpecification","valueRequired":true,"valueName":"search_term_string"}}],"inLanguage":"it-IT"},{"@type":"Organization","@id":"https:\/\/www.starlight-energy.com\/it\/#organization","name":"Starlight Energy","url":"https:\/\/www.starlight-energy.com\/it\/","logo":{"@type":"ImageObject","inLanguage":"it-IT","@id":"https:\/\/www.starlight-energy.com\/it\/#\/schema\/logo\/image\/","url":"\/wp-content\/uploads\/2024\/01\/Starlight-favicon.png","contentUrl":"\/wp-content\/uploads\/2024\/01\/Starlight-favicon.png","width":260,"height":260,"caption":"Starlight Energy"},"image":{"@id":"https:\/\/www.starlight-energy.com\/it\/#\/schema\/logo\/image\/"}}]}},"_links":{"self":[{"href":"https:\/\/starlight-energy.com\/it\/wp-json\/wp\/v2\/pages\/908","targetHints":{"allow":["GET"]}}],"collection":[{"href":"https:\/\/starlight-energy.com\/it\/wp-json\/wp\/v2\/pages"}],"about":[{"href":"https:\/\/starlight-energy.com\/it\/wp-json\/wp\/v2\/types\/page"}],"author":[{"embeddable":true,"href":"https:\/\/starlight-energy.com\/it\/wp-json\/wp\/v2\/users\/7"}],"replies":[{"embeddable":true,"href":"https:\/\/starlight-energy.com\/it\/wp-json\/wp\/v2\/comments?post=908"}],"version-history":[{"count":6,"href":"https:\/\/starlight-energy.com\/it\/wp-json\/wp\/v2\/pages\/908\/revisions"}],"predecessor-version":[{"id":1045,"href":"https:\/\/starlight-energy.com\/it\/wp-json\/wp\/v2\/pages\/908\/revisions\/1045"}],"wp:attachment":[{"href":"https:\/\/starlight-energy.com\/it\/wp-json\/wp\/v2\/media?parent=908"}],"curies":[{"name":"wp","href":"https:\/\/api.w.org\/{rel}","templated":true}]}}