{"id":918,"date":"2023-11-03T09:59:44","date_gmt":"2023-11-03T09:59:44","guid":{"rendered":"https:\/\/euw-startlight-website-app-dev.azurewebsites.net\/cosa-facciamo\/"},"modified":"2026-02-03T09:35:05","modified_gmt":"2026-02-03T09:35:05","slug":"cosa-facciamo","status":"publish","type":"page","link":"https:\/\/starlight-energy.com\/it\/cosa-facciamo\/","title":{"rendered":"Cosa facciamo"},"content":{"rendered":"\n                    <section class=\"block block_full-bleed-header \">\n                                <div class=\"block-inner will-transition \">\n                \n<div class=\"wrapper \">\n    <div data-sizes=\"auto\" class=\"ric-bg lazyload background-image\" data-parent-fit=\"cover\" data-parent-container=\"html|.ric-bg\" data-bgset=\"\/wp-content\/uploads\/2024\/03\/sicily-plant-4-350x218.jpg 350w 218h, \/wp-content\/uploads\/2024\/03\/sicily-plant-4-625x390.jpg 625w 390h, \/wp-content\/uploads\/2024\/03\/sicily-plant-4-1250x779.jpg 1250w 779h, \/wp-content\/uploads\/2024\/03\/sicily-plant-4-2500x1558.jpg 2500w 1558h, \/wp-content\/uploads\/2024\/03\/sicily-plant-4-300x300.jpg 300w 300h, \/wp-content\/uploads\/2024\/03\/sicily-plant-4-600x600.jpg 600w 600h, \/wp-content\/uploads\/2024\/03\/sicily-plant-4-1200x1200.jpg 1200w 1200h, \/wp-content\/uploads\/2024\/03\/sicily-plant-4-2000x2000.jpg 2000w 2000h, \/wp-content\/uploads\/2024\/03\/sicily-plant-4-200x250.jpg 200w 250h, \/wp-content\/uploads\/2024\/03\/sicily-plant-4-400x500.jpg 400w 500h, \/wp-content\/uploads\/2024\/03\/sicily-plant-4-800x1000.jpg 800w 1000h, \/wp-content\/uploads\/2024\/03\/sicily-plant-4-1600x2000.jpg 1600w 2000h, \/wp-content\/uploads\/2024\/03\/sicily-plant-4-378x195.jpg 378w 195h, \/wp-content\/uploads\/2024\/03\/sicily-plant-4-630x325.jpg 630w 325h, \/wp-content\/uploads\/2024\/03\/sicily-plant-4-1260x650.jpg 1260w 650h, \/wp-content\/uploads\/2024\/03\/sicily-plant-4-1890x1350.jpg 1890w 1350h\">\n        <div class=\"image-overlay\"><\/div>\n        <div class=\"title-container\">\n            <h1 class=\"xl-title\">\n                Cosa facciamo            <\/h1>\n        <\/div>\n                <div class=\"scroll-instruction button-text\">\n            <p>Scorri per approfondire<\/p>\n        <\/div>\n            <\/div>\n<\/div>\n\n                <\/div>\n            <\/section>\n\n\n\n\n                    <section class=\"block block_single-column-text \">\n                                <div class=\"block-inner will-transition \">\n                \n\n<div class=\"content wysiwyg\">\n    <h2 class=\"main-title\" style=\"text-align: center;\">Starlight \u00e8 uno sviluppatore etico e globale di impianti di produzione di energia da fonti rinnovabili, nato per consolidare ed espandere rapidamente la presenza del Gruppo NextEnergy nello sviluppo di nuovi impianti di generazione di energia pulita<\/h2>\n<\/div>\n\n                <\/div>\n            <\/section>\n\n\n\n\n                    <section class=\"block block_single-column-text \">\n                                <div class=\"block-inner will-transition \">\n                \n\n<div class=\"content wysiwyg\">\n    <p>Starlight \u00e8 stata costituita con il contributo iniziale di un team di oltre 20 persone basate in paesi diversi e con background diversi e continua a crescere rapidamente, sia in termini di competenze sia di copertura geografica.<\/p>\n<p>Starlight beneficia delle competenze in ambito ESG e di gestione di processi complessi del <strong><a href=\"https:\/\/nextenergygroup.com\/\" target=\"_blank\" rel=\"noopener\">Gruppo NextEnergy<\/a><\/strong><a href=\"https:\/\/nextenergygroup.com\/\" target=\"_blank\" rel=\"noopener\">.<\/a>\u00a0I progetti in sviluppo si focalizzano principalmente su terreni che non sono mai stati edificati: Starlight \u00e8 desiderosa di collaborare con specialisti del settore, proprietari terrieri, autorit\u00e0 e comunit\u00e0 locali per espandere ulteriormente la propria piattaforma in nuove tecnologie e giurisdizioni.<\/p>\n<\/div>\n\n                <\/div>\n            <\/section>\n\n\n\n\n                    <section class=\"block block_maps \">\n                                <div class=\"block-inner will-transition \">\n                \n\n\n<div>\n    <h2 class=\"medium-title\">Tecnologie e aree geografiche<\/h2>\n    <div class=\"maps-wrapper\">\n        <div class=\"map-one map\">\n            <div class=\"map_wrapper\" id=\"map_wrapper_166\">\n<div class=\"map_box\" style=\"max-width:2000px\">\n<div class=\"map_aspect_ratio\" style=\"padding-top:84%\" data-padding-top=\"84%\" data-padding-top-mobile=\"0%\">\n<div class=\"map_container\">\n<div class=\"map_render map_loading\" id=\"map_166\"><\/div>\n<\/div>\n<\/div>\n<\/div>\n<\/div>        <\/div>\n        <div class=\"map-two map\">\n            <div class=\"map_wrapper\" id=\"map_wrapper_186\">\n<div class=\"map_box\" style=\"max-width:2000px\">\n<div class=\"map_aspect_ratio\" style=\"padding-top:84%\" data-padding-top=\"84%\" data-padding-top-mobile=\"0%\">\n<div class=\"map_container\">\n<div class=\"map_render map_loading\" id=\"map_186\"><\/div>\n<\/div>\n<\/div>\n<\/div>\n<\/div>        <\/div>\n    <\/div>\n    <table class=\"desktop-stats-table will\">\n        <tr class=\"header-row\">\n            <th class=\"country\"><\/th>\n            <th class=\"solar\"><img decoding=\"async\" src=\"\/wp-content\/themes\/starlight-theme\/assets\/img\/solar.svg\"><\/th>\n            <th class=\"wind\"><img decoding=\"async\" src=\"\/wp-content\/themes\/starlight-theme\/assets\/img\/wind.svg\"><\/th>\n            <th class=\"battery\"><img decoding=\"async\" src=\"\/wp-content\/themes\/starlight-theme\/assets\/img\/battery.svg\"><\/th>\n        <\/tr>\n                    <tr class=\"row\">\n                <td class=\"country\">Canada<\/td>\n                <td class=\"solar\">1,400 MW<\/td>\n                <td class=\"wind\"> &#8211;<\/td>\n                <td class=\"battery\">800 MW<\/td>\n            <\/tr>\n                    <tr class=\"row\">\n                <td class=\"country\">Grecia<\/td>\n                <td class=\"solar\">400 MW<\/td>\n                <td class=\"wind\"> &#8211;<\/td>\n                <td class=\"battery\"> &#8211;<\/td>\n            <\/tr>\n                    <tr class=\"row\">\n                <td class=\"country\">Italia<\/td>\n                <td class=\"solar\">450 MW<\/td>\n                <td class=\"wind\">1,200 MW<\/td>\n                <td class=\"battery\">1,300 MW<\/td>\n            <\/tr>\n                    <tr class=\"row\">\n                <td class=\"country\">Romania<\/td>\n                <td class=\"solar\"> &#8211;<\/td>\n                <td class=\"wind\"> &#8211;<\/td>\n                <td class=\"battery\">650 MW<\/td>\n            <\/tr>\n                    <tr class=\"row\">\n                <td class=\"country\">Regno Unito<\/td>\n                <td class=\"solar\">1,250 MW<\/td>\n                <td class=\"wind\"> &#8211;<\/td>\n                <td class=\"battery\">250 MW<\/td>\n            <\/tr>\n                <tr class=\"arrow-row\">\n            <td class=\"country\"><\/th>\n            <td class=\"arrow\" colspan=\"3\">\n                <div class=\"arrow-down\"><\/div>\n                <p>8 GW<\/p>\n            <\/th>\n        <\/tr>\n    <\/table>\n    <div class=\"mobile-stats-table\">\n        <div class=\"rows\">\n                    <div class=\"row\">\n                <div class=\"country\">Canada<img decoding=\"async\" class=\"chevron\" src=\"\/wp-content\/themes\/starlight-theme\/assets\/img\/chevron-down-blue-alt.svg\"><\/div>\n                <div class=\"values\">\n                    <div class=\"solar value\"><div class=\"image-holder\"><img decoding=\"async\" src=\"\/wp-content\/themes\/starlight-theme\/assets\/img\/solar.svg\"><\/div>1,400 MW<\/div>\n                    <div class=\"wind value\"><div class=\"image-holder\"><img decoding=\"async\" src=\"\/wp-content\/themes\/starlight-theme\/assets\/img\/wind.svg\"><\/div> &#8211;<\/div>\n                    <div class=\"battery value\"><div class=\"image-holder\"><img decoding=\"async\" src=\"\/wp-content\/themes\/starlight-theme\/assets\/img\/battery.svg\"><\/div>800 MW<\/div>\n                <\/div>\n            <\/div>\n                    <div class=\"row\">\n                <div class=\"country\">Grecia<img decoding=\"async\" class=\"chevron\" src=\"\/wp-content\/themes\/starlight-theme\/assets\/img\/chevron-down-blue-alt.svg\"><\/div>\n                <div class=\"values\">\n                    <div class=\"solar value\"><div class=\"image-holder\"><img decoding=\"async\" src=\"\/wp-content\/themes\/starlight-theme\/assets\/img\/solar.svg\"><\/div>400 MW<\/div>\n                    <div class=\"wind value\"><div class=\"image-holder\"><img decoding=\"async\" src=\"\/wp-content\/themes\/starlight-theme\/assets\/img\/wind.svg\"><\/div> &#8211;<\/div>\n                    <div class=\"battery value\"><div class=\"image-holder\"><img decoding=\"async\" src=\"\/wp-content\/themes\/starlight-theme\/assets\/img\/battery.svg\"><\/div> &#8211;<\/div>\n                <\/div>\n            <\/div>\n                    <div class=\"row\">\n                <div class=\"country\">Italia<img decoding=\"async\" class=\"chevron\" src=\"\/wp-content\/themes\/starlight-theme\/assets\/img\/chevron-down-blue-alt.svg\"><\/div>\n                <div class=\"values\">\n                    <div class=\"solar value\"><div class=\"image-holder\"><img decoding=\"async\" src=\"\/wp-content\/themes\/starlight-theme\/assets\/img\/solar.svg\"><\/div>450 MW<\/div>\n                    <div class=\"wind value\"><div class=\"image-holder\"><img decoding=\"async\" src=\"\/wp-content\/themes\/starlight-theme\/assets\/img\/wind.svg\"><\/div>1,200 MW<\/div>\n                    <div class=\"battery value\"><div class=\"image-holder\"><img decoding=\"async\" src=\"\/wp-content\/themes\/starlight-theme\/assets\/img\/battery.svg\"><\/div>1,300 MW<\/div>\n                <\/div>\n            <\/div>\n                    <div class=\"row\">\n                <div class=\"country\">Romania<img decoding=\"async\" class=\"chevron\" src=\"\/wp-content\/themes\/starlight-theme\/assets\/img\/chevron-down-blue-alt.svg\"><\/div>\n                <div class=\"values\">\n                    <div class=\"solar value\"><div class=\"image-holder\"><img decoding=\"async\" src=\"\/wp-content\/themes\/starlight-theme\/assets\/img\/solar.svg\"><\/div> &#8211;<\/div>\n                    <div class=\"wind value\"><div class=\"image-holder\"><img decoding=\"async\" src=\"\/wp-content\/themes\/starlight-theme\/assets\/img\/wind.svg\"><\/div> &#8211;<\/div>\n                    <div class=\"battery value\"><div class=\"image-holder\"><img decoding=\"async\" src=\"\/wp-content\/themes\/starlight-theme\/assets\/img\/battery.svg\"><\/div>650 MW<\/div>\n                <\/div>\n            <\/div>\n                    <div class=\"row\">\n                <div class=\"country\">Regno Unito<img decoding=\"async\" class=\"chevron\" src=\"\/wp-content\/themes\/starlight-theme\/assets\/img\/chevron-down-blue-alt.svg\"><\/div>\n                <div class=\"values\">\n                    <div class=\"solar value\"><div class=\"image-holder\"><img decoding=\"async\" src=\"\/wp-content\/themes\/starlight-theme\/assets\/img\/solar.svg\"><\/div>1,250 MW<\/div>\n                    <div class=\"wind value\"><div class=\"image-holder\"><img decoding=\"async\" src=\"\/wp-content\/themes\/starlight-theme\/assets\/img\/wind.svg\"><\/div> &#8211;<\/div>\n                    <div class=\"battery value\"><div class=\"image-holder\"><img decoding=\"async\" src=\"\/wp-content\/themes\/starlight-theme\/assets\/img\/battery.svg\"><\/div>250 MW<\/div>\n                <\/div>\n            <\/div>\n                <\/div>\n        <div class=\"arrow\">\n            <div class=\"arrow-down\"><\/div>\n            <p>8 GW<\/p>\n        <\/div>\n    <\/div>\n\n<\/div>\n\n                <\/div>\n            <\/section>\n\n\n\n\n                    <section class=\"block block_single-column-text \">\n                                <div class=\"block-inner will-transition \">\n                \n\n<div class=\"content wysiwyg\">\n    <p style=\"text-align: center;\"><span data-teams=\"true\">(dati aggiornati a Gennaio 2026)<\/span><\/p>\n<p>&nbsp;<\/p>\n<p style=\"text-align: center;\"><strong>Starlight valuta continuamente\u00a0 nuove aree geografiche e tecnologie per espandere la propria attivit\u00e0 di sviluppo. Sul primo fronte, Stati Uniti, Cile, Germania, Francia, Iberia e Polonia sono attualmente tra i Paesi target da raggiungere, mentre sul secondo stiamo valutando attivamente il potenziale di combinazione di energia solare, eolica, batterie e potenzialmente idrogeno verde<br \/>\n<\/strong><strong>in sistemi completamente ibridi.<\/strong><\/p>\n<\/div>\n\n                <\/div>\n            <\/section>\n\n\n\n\n                    <section class=\"block block_banner \">\n                                <div class=\"block-inner will-transition \">\n                \n\n\n<div data-sizes=\"auto\" class=\"ric-bg lazyload background-image wrapper\" data-parent-fit=\"cover\" data-parent-container=\"html|.ric-bg\" data-bgset=\"\/wp-content\/uploads\/2023\/11\/Biodiversitypg-350x197.jpg 350w 197h, \/wp-content\/uploads\/2023\/11\/Biodiversitypg-625x351.jpg 625w 351h, \/wp-content\/uploads\/2023\/11\/Biodiversitypg-1250x703.jpg 1250w 703h, \/wp-content\/uploads\/2023\/11\/Biodiversitypg.jpg 1627w 915h, \/wp-content\/uploads\/2023\/11\/Biodiversitypg-300x300.jpg 300w 300h, \/wp-content\/uploads\/2023\/11\/Biodiversitypg-600x600.jpg 600w 600h, \/wp-content\/uploads\/2023\/11\/Biodiversitypg-1200x915.jpg 1200w 915h, \/wp-content\/uploads\/2023\/11\/Biodiversitypg.jpg 1627w 915h, \/wp-content\/uploads\/2023\/11\/Biodiversitypg-200x250.jpg 200w 250h, \/wp-content\/uploads\/2023\/11\/Biodiversitypg-400x500.jpg 400w 500h, \/wp-content\/uploads\/2023\/11\/Biodiversitypg-800x915.jpg 800w 915h, \/wp-content\/uploads\/2023\/11\/Biodiversitypg-1600x915.jpg 1600w 915h, \/wp-content\/uploads\/2023\/11\/Biodiversitypg-378x195.jpg 378w 195h, \/wp-content\/uploads\/2023\/11\/Biodiversitypg-630x325.jpg 630w 325h, \/wp-content\/uploads\/2023\/11\/Biodiversitypg-1260x650.jpg 1260w 650h, \/wp-content\/uploads\/2023\/11\/Biodiversitypg.jpg 1627w 915h\">\n    <div class=\"content\">\n        <h2 class=\"large-title\">Caso Studio: Llanwern<\/h2>\n                            <a href=\"https:\/\/starlight-energy.com\/it\/case-studies\/llanwern\/\" class=\"button-text\">Scopri di pi\u00f9<\/a>\n            <\/div>\n<\/div>\n\n                <\/div>\n            <\/section>\n\n\n\n\n                    <section class=\"block block_banner \">\n                                <div class=\"block-inner will-transition \">\n                \n\n\n<div data-sizes=\"auto\" class=\"ric-bg lazyload background-image wrapper\" data-parent-fit=\"cover\" data-parent-container=\"html|.ric-bg\" data-bgset=\"\/wp-content\/uploads\/2023\/11\/iStock-628661258-350x194.jpg 350w 194h, \/wp-content\/uploads\/2023\/11\/iStock-628661258-625x347.jpg 625w 347h, \/wp-content\/uploads\/2023\/11\/iStock-628661258-1250x693.jpg 1250w 693h, \/wp-content\/uploads\/2023\/11\/iStock-628661258-2500x1387.jpg 2500w 1387h, \/wp-content\/uploads\/2023\/11\/iStock-628661258-300x300.jpg 300w 300h, \/wp-content\/uploads\/2023\/11\/iStock-628661258-600x600.jpg 600w 600h, \/wp-content\/uploads\/2023\/11\/iStock-628661258-1200x1200.jpg 1200w 1200h, \/wp-content\/uploads\/2023\/11\/iStock-628661258-2000x2000.jpg 2000w 2000h, \/wp-content\/uploads\/2023\/11\/iStock-628661258-200x250.jpg 200w 250h, \/wp-content\/uploads\/2023\/11\/iStock-628661258-400x500.jpg 400w 500h, \/wp-content\/uploads\/2023\/11\/iStock-628661258-800x1000.jpg 800w 1000h, \/wp-content\/uploads\/2023\/11\/iStock-628661258-1600x2000.jpg 1600w 2000h, \/wp-content\/uploads\/2023\/11\/iStock-628661258-378x195.jpg 378w 195h, \/wp-content\/uploads\/2023\/11\/iStock-628661258-630x325.jpg 630w 325h, \/wp-content\/uploads\/2023\/11\/iStock-628661258-1260x650.jpg 1260w 650h, \/wp-content\/uploads\/2023\/11\/iStock-628661258-1890x1350.jpg 1890w 1350h\">\n    <div class=\"content\">\n        <h2 class=\"large-title\">Caso Studio: Terra del Sole<\/h2>\n                            <a href=\"https:\/\/starlight-energy.com\/it\/case-studies\/terra-del-sole\/\" class=\"button-text\">Scopri di pi\u00f9<\/a>\n            <\/div>\n<\/div>\n\n                <\/div>\n            <\/section>\n\n","protected":false},"excerpt":{"rendered":"","protected":false},"author":7,"featured_media":0,"parent":0,"menu_order":0,"comment_status":"closed","ping_status":"closed","template":"","meta":{"_acf_changed":false,"footnotes":""},"class_list":["post-918","page","type-page","status-publish","hentry"],"acf":[],"yoast_head":"<!-- This site is optimized with the Yoast SEO plugin v26.6 - https:\/\/yoast.com\/wordpress\/plugins\/seo\/ -->\n<title>Cosa facciamo - Starlight<\/title>\n<meta name=\"robots\" content=\"index, follow, max-snippet:-1, max-image-preview:large, max-video-preview:-1\" \/>\n<link rel=\"canonical\" href=\"https:\/\/starlight-energy.com\/it\/cosa-facciamo\/\" \/>\n<meta property=\"og:locale\" content=\"it_IT\" \/>\n<meta property=\"og:type\" content=\"article\" \/>\n<meta property=\"og:title\" content=\"Cosa facciamo - Starlight\" \/>\n<meta property=\"og:url\" content=\"https:\/\/starlight-energy.com\/it\/cosa-facciamo\/\" \/>\n<meta property=\"og:site_name\" content=\"Starlight\" \/>\n<meta property=\"article:modified_time\" content=\"2026-02-03T09:35:05+00:00\" \/>\n<meta property=\"og:image\" content=\"https:\/\/starlight-energy.com\/wp-content\/uploads\/2024\/01\/Starlight-favicon.png\" \/>\n\t<meta property=\"og:image:width\" content=\"260\" \/>\n\t<meta property=\"og:image:height\" content=\"260\" \/>\n\t<meta property=\"og:image:type\" content=\"image\/png\" \/>\n<meta name=\"twitter:card\" content=\"summary_large_image\" \/>\n<script type=\"application\/ld+json\" class=\"yoast-schema-graph\">{\"@context\":\"https:\/\/schema.org\",\"@graph\":[{\"@type\":\"WebPage\",\"@id\":\"https:\/\/starlight-energy.com\/it\/cosa-facciamo\/\",\"url\":\"https:\/\/starlight-energy.com\/it\/cosa-facciamo\/\",\"name\":\"Cosa facciamo - Starlight\",\"isPartOf\":{\"@id\":\"https:\/\/www.starlight-energy.com\/it\/#website\"},\"datePublished\":\"2023-11-03T09:59:44+00:00\",\"dateModified\":\"2026-02-03T09:35:05+00:00\",\"breadcrumb\":{\"@id\":\"https:\/\/starlight-energy.com\/it\/cosa-facciamo\/#breadcrumb\"},\"inLanguage\":\"it-IT\",\"potentialAction\":[{\"@type\":\"ReadAction\",\"target\":[\"https:\/\/starlight-energy.com\/it\/cosa-facciamo\/\"]}]},{\"@type\":\"BreadcrumbList\",\"@id\":\"https:\/\/starlight-energy.com\/it\/cosa-facciamo\/#breadcrumb\",\"itemListElement\":[{\"@type\":\"ListItem\",\"position\":1,\"name\":\"Home\",\"item\":\"https:\/\/www.starlight-energy.com\/it\/\"},{\"@type\":\"ListItem\",\"position\":2,\"name\":\"Cosa facciamo\"}]},{\"@type\":\"WebSite\",\"@id\":\"https:\/\/www.starlight-energy.com\/it\/#website\",\"url\":\"https:\/\/www.starlight-energy.com\/it\/\",\"name\":\"Starlight Website\",\"description\":\"\",\"publisher\":{\"@id\":\"https:\/\/www.starlight-energy.com\/it\/#organization\"},\"potentialAction\":[{\"@type\":\"SearchAction\",\"target\":{\"@type\":\"EntryPoint\",\"urlTemplate\":\"https:\/\/www.starlight-energy.com\/it\/?s={search_term_string}\"},\"query-input\":{\"@type\":\"PropertyValueSpecification\",\"valueRequired\":true,\"valueName\":\"search_term_string\"}}],\"inLanguage\":\"it-IT\"},{\"@type\":\"Organization\",\"@id\":\"https:\/\/www.starlight-energy.com\/it\/#organization\",\"name\":\"Starlight Energy\",\"url\":\"https:\/\/www.starlight-energy.com\/it\/\",\"logo\":{\"@type\":\"ImageObject\",\"inLanguage\":\"it-IT\",\"@id\":\"https:\/\/www.starlight-energy.com\/it\/#\/schema\/logo\/image\/\",\"url\":\"\/wp-content\/uploads\/2024\/01\/Starlight-favicon.png\",\"contentUrl\":\"\/wp-content\/uploads\/2024\/01\/Starlight-favicon.png\",\"width\":260,\"height\":260,\"caption\":\"Starlight Energy\"},\"image\":{\"@id\":\"https:\/\/www.starlight-energy.com\/it\/#\/schema\/logo\/image\/\"}}]}<\/script>\n<!-- \/ Yoast SEO plugin. -->","yoast_head_json":{"title":"Cosa facciamo - Starlight","robots":{"index":"index","follow":"follow","max-snippet":"max-snippet:-1","max-image-preview":"max-image-preview:large","max-video-preview":"max-video-preview:-1"},"canonical":"https:\/\/starlight-energy.com\/it\/cosa-facciamo\/","og_locale":"it_IT","og_type":"article","og_title":"Cosa facciamo - Starlight","og_url":"https:\/\/starlight-energy.com\/it\/cosa-facciamo\/","og_site_name":"Starlight","article_modified_time":"2026-02-03T09:35:05+00:00","og_image":[{"width":260,"height":260,"url":"https:\/\/starlight-energy.com\/wp-content\/uploads\/2024\/01\/Starlight-favicon.png","type":"image\/png"}],"twitter_card":"summary_large_image","schema":{"@context":"https:\/\/schema.org","@graph":[{"@type":"WebPage","@id":"https:\/\/starlight-energy.com\/it\/cosa-facciamo\/","url":"https:\/\/starlight-energy.com\/it\/cosa-facciamo\/","name":"Cosa facciamo - Starlight","isPartOf":{"@id":"https:\/\/www.starlight-energy.com\/it\/#website"},"datePublished":"2023-11-03T09:59:44+00:00","dateModified":"2026-02-03T09:35:05+00:00","breadcrumb":{"@id":"https:\/\/starlight-energy.com\/it\/cosa-facciamo\/#breadcrumb"},"inLanguage":"it-IT","potentialAction":[{"@type":"ReadAction","target":["https:\/\/starlight-energy.com\/it\/cosa-facciamo\/"]}]},{"@type":"BreadcrumbList","@id":"https:\/\/starlight-energy.com\/it\/cosa-facciamo\/#breadcrumb","itemListElement":[{"@type":"ListItem","position":1,"name":"Home","item":"https:\/\/www.starlight-energy.com\/it\/"},{"@type":"ListItem","position":2,"name":"Cosa facciamo"}]},{"@type":"WebSite","@id":"https:\/\/www.starlight-energy.com\/it\/#website","url":"https:\/\/www.starlight-energy.com\/it\/","name":"Starlight Website","description":"","publisher":{"@id":"https:\/\/www.starlight-energy.com\/it\/#organization"},"potentialAction":[{"@type":"SearchAction","target":{"@type":"EntryPoint","urlTemplate":"https:\/\/www.starlight-energy.com\/it\/?s={search_term_string}"},"query-input":{"@type":"PropertyValueSpecification","valueRequired":true,"valueName":"search_term_string"}}],"inLanguage":"it-IT"},{"@type":"Organization","@id":"https:\/\/www.starlight-energy.com\/it\/#organization","name":"Starlight Energy","url":"https:\/\/www.starlight-energy.com\/it\/","logo":{"@type":"ImageObject","inLanguage":"it-IT","@id":"https:\/\/www.starlight-energy.com\/it\/#\/schema\/logo\/image\/","url":"\/wp-content\/uploads\/2024\/01\/Starlight-favicon.png","contentUrl":"\/wp-content\/uploads\/2024\/01\/Starlight-favicon.png","width":260,"height":260,"caption":"Starlight Energy"},"image":{"@id":"https:\/\/www.starlight-energy.com\/it\/#\/schema\/logo\/image\/"}}]}},"_links":{"self":[{"href":"https:\/\/starlight-energy.com\/it\/wp-json\/wp\/v2\/pages\/918","targetHints":{"allow":["GET"]}}],"collection":[{"href":"https:\/\/starlight-energy.com\/it\/wp-json\/wp\/v2\/pages"}],"about":[{"href":"https:\/\/starlight-energy.com\/it\/wp-json\/wp\/v2\/types\/page"}],"author":[{"embeddable":true,"href":"https:\/\/starlight-energy.com\/it\/wp-json\/wp\/v2\/users\/7"}],"replies":[{"embeddable":true,"href":"https:\/\/starlight-energy.com\/it\/wp-json\/wp\/v2\/comments?post=918"}],"version-history":[{"count":17,"href":"https:\/\/starlight-energy.com\/it\/wp-json\/wp\/v2\/pages\/918\/revisions"}],"predecessor-version":[{"id":2097,"href":"https:\/\/starlight-energy.com\/it\/wp-json\/wp\/v2\/pages\/918\/revisions\/2097"}],"wp:attachment":[{"href":"https:\/\/starlight-energy.com\/it\/wp-json\/wp\/v2\/media?parent=918"}],"curies":[{"name":"wp","href":"https:\/\/api.w.org\/{rel}","templated":true}]}}