{"id":925,"date":"2023-08-17T11:19:30","date_gmt":"2023-08-17T11:19:30","guid":{"rendered":"https:\/\/euw-startlight-website-app-dev.azurewebsites.net\/unisciti-a-noi\/carriere\/"},"modified":"2026-01-14T10:38:52","modified_gmt":"2026-01-14T10:38:52","slug":"carriere","status":"publish","type":"page","link":"https:\/\/starlight-energy.com\/it\/unisciti-a-noi\/carriere\/","title":{"rendered":"Carriere"},"content":{"rendered":"\n                    <div class=\"join-us-nav\">\n                <nav class=\"nav page-nav-text\">\n                                            <a class=\"back-link\" href=\"https:\/\/starlight-energy.com\/it\/unisciti-a-noi\/\">Back<\/a>\n                                        <a data-title=\"Partners\" href=\"https:\/\/starlight-energy.com\/contact-us\/partners\/\" id=\"menu-item-615\" class=\"menu-item menu-item-type-post_type menu-item-object-page menu-item-615 link primarylink\">Partners<\/a><a data-title=\"Carriere\" href=\"https:\/\/starlight-energy.com\/contact-us\/vacancies\/\" id=\"menu-item-203\" class=\"menu-item menu-item-type-post_type menu-item-object-page menu-item-203 link primarylink\">Carriere<\/a><a data-title=\"Mettiti in contatto\" href=\"https:\/\/starlight-energy.com\/get-in-touch\/\" id=\"menu-item-1826\" class=\"menu-item menu-item-type-post_type menu-item-object-page menu-item-1826 link primarylink\">Mettiti in contatto<\/a>                <\/nav>\n            <\/div>\n                    <section class=\"block block_values-vacancies-header \">\n                                <div class=\"block-inner will-transition \">\n                \n\t\n\n\n<h2 class=\"text-header-font\">Entra a far parte dello Star Team!<\/h2>\n<div class=\"sub-title intro-block\">Guarda le nostre opportunit\u00e0 di lavoro, che pongono al centro la persona con le sue esigenze e aspirazioni. Siamo alla ricerca di persone che vogliano unirsi a noi per fare la differenza, motivate dai nostri stessi valori e che siano appassionate di sostenibilit\u00e0<\/div>\n                <\/div>\n            <\/section>\n\n\n\n\n                    <section class=\"block block_full-width-media \">\n                                <div class=\"block-inner will-transition \">\n                \n\n    <div class=\"rsp-wrapper rsp-1966-original  landscape\"><img class=\" lazyload\" alt=\"NEG_AB_1510_20443 (1)\" data-srcset=\"\/wp-content\/uploads\/2026\/01\/NEG_AB_1510_20443-1-2500x1353.jpg?t=0&#038;ratio=1.8477457501848 2500w, \/wp-content\/uploads\/2026\/01\/NEG_AB_1510_20443-1-1250x676.jpg?t=0&#038;ratio=1.8491124260355 1250w, \/wp-content\/uploads\/2026\/01\/NEG_AB_1510_20443-1-625x338.jpg?t=0&#038;ratio=1.8491124260355 625w, \/wp-content\/uploads\/2026\/01\/NEG_AB_1510_20443-1-350x189.jpg?t=0&#038;ratio=1.8518518518519 350w\" data-sizes=\"auto\"><\/div>\n                <\/div>\n            <\/section>\n\n\n\n\n                    <section class=\"block block_single-column-text \">\n                                <div class=\"block-inner will-transition \">\n                \n\n<div class=\"content wysiwyg\">\n    <p><strong>Vuoi unirti a noi?<\/strong><\/p>\n<p>Di seguito sono riportate le posizioni aperte all\u2019interno dell\u2019intero <strong>Gruppo NextEnergy<\/strong> di cui Starlight fa parte.<\/p>\n<p>In qualit\u00e0 di realt\u00e0 impegnata a promuovere la sostenibilit\u00e0, l&#8217;innovazione e la crescita, cerchiamo persone appassionate e altamente motivate nel contribuire alla transizione verso l&#8217;utilizzo di energia pulita per unirsi al nostro talentuoso team. Le offerte di lavoro spaziano tra diversi ruoli, ognuno dei quali offre un&#8217;opportunit\u00e0 unica di contribuire alla nostra missione e di avere un impatto significativo nel perseguimento della stessa.<\/p>\n<p>Nel Gruppo NextEnergy apprezziamo la diversit\u00e0, la collaborazione e la dedizione ed esortiamo persone di talento come te, che condividono i nostri stessi valori, a esplorare le posizioni aperte e a intraprendere un percorso di carriera appagante con noi. Se non trovi l&#8217;opportunit\u00e0 giusta per te tra quelle al momento disponibili, inviaci pure la tua candidatura spontanea a <a href=\"mailto:careers@nextenergygroup.com\" target=\"_blank\" rel=\"noopener\">careers@nextenergygroup.com<\/a>.<\/p>\n<\/div>\n\n                <\/div>\n            <\/section>\n\n\n\n\n                    <section class=\"block block_single-column-text \">\n                                <div class=\"block-inner will-transition \">\n                \n\n<div class=\"content wysiwyg\">\n    <p>Clica <strong><a href=\"https:\/\/boards.eu.greenhouse.io\/nextenergygroup\" target=\"_blank\" rel=\"noopener\">qui<\/a><\/strong> per scoprire tutte le posizioni aperte.<\/p>\n<\/div>\n\n                <\/div>\n            <\/section>\n\n\n\n\n                    <section class=\"block block_banner \">\n                                <div class=\"block-inner will-transition \">\n                \n\n\n<div data-sizes=\"auto\" class=\"ric-bg lazyload background-image wrapper\" data-parent-fit=\"cover\" data-parent-container=\"html|.ric-bg\" data-bgset=\"\/wp-content\/uploads\/2026\/01\/NEG_AB_1510_20269-2-1-350x173.jpg 350w 173h, \/wp-content\/uploads\/2026\/01\/NEG_AB_1510_20269-2-1-625x309.jpg 625w 309h, \/wp-content\/uploads\/2026\/01\/NEG_AB_1510_20269-2-1-1250x617.jpg 1250w 617h, \/wp-content\/uploads\/2026\/01\/NEG_AB_1510_20269-2-1-2500x1235.jpg 2500w 1235h, \/wp-content\/uploads\/2026\/01\/NEG_AB_1510_20269-2-1-300x300.jpg 300w 300h, \/wp-content\/uploads\/2026\/01\/NEG_AB_1510_20269-2-1-600x600.jpg 600w 600h, \/wp-content\/uploads\/2026\/01\/NEG_AB_1510_20269-2-1-1200x1200.jpg 1200w 1200h, \/wp-content\/uploads\/2026\/01\/NEG_AB_1510_20269-2-1-2000x2000.jpg 2000w 2000h, \/wp-content\/uploads\/2026\/01\/NEG_AB_1510_20269-2-1-200x250.jpg 200w 250h, \/wp-content\/uploads\/2026\/01\/NEG_AB_1510_20269-2-1-400x500.jpg 400w 500h, \/wp-content\/uploads\/2026\/01\/NEG_AB_1510_20269-2-1-800x1000.jpg 800w 1000h, \/wp-content\/uploads\/2026\/01\/NEG_AB_1510_20269-2-1-1600x2000.jpg 1600w 2000h, \/wp-content\/uploads\/2026\/01\/NEG_AB_1510_20269-2-1-378x195.jpg 378w 195h, \/wp-content\/uploads\/2026\/01\/NEG_AB_1510_20269-2-1-630x325.jpg 630w 325h, \/wp-content\/uploads\/2026\/01\/NEG_AB_1510_20269-2-1-1260x650.jpg 1260w 650h, \/wp-content\/uploads\/2026\/01\/NEG_AB_1510_20269-2-1-1890x1350.jpg 1890w 1350h\">\n    <div class=\"content\">\n        <h2 class=\"large-title\">Chi lo fa<\/h2>\n                    <div class=\"body-light small-text\">Conosci il nostro team<\/div>\n                            <a href=\"https:\/\/starlight-energy.com\/it\/chi-lo-fa\/\" class=\"button-text\">Scopri di pi\u00f9<\/a>\n            <\/div>\n<\/div>\n\n                <\/div>\n            <\/section>\n\n","protected":false},"excerpt":{"rendered":"","protected":false},"author":7,"featured_media":0,"parent":923,"menu_order":0,"comment_status":"closed","ping_status":"closed","template":"","meta":{"_acf_changed":false,"footnotes":""},"class_list":["post-925","page","type-page","status-publish","hentry"],"acf":[],"yoast_head":"<!-- This site is optimized with the Yoast SEO plugin v26.6 - https:\/\/yoast.com\/wordpress\/plugins\/seo\/ -->\n<title>Carriere - Starlight<\/title>\n<meta name=\"robots\" content=\"index, follow, max-snippet:-1, max-image-preview:large, max-video-preview:-1\" \/>\n<link rel=\"canonical\" href=\"https:\/\/starlight-energy.com\/it\/unisciti-a-noi\/carriere\/\" \/>\n<meta property=\"og:locale\" content=\"it_IT\" \/>\n<meta property=\"og:type\" content=\"article\" \/>\n<meta property=\"og:title\" content=\"Carriere - Starlight\" \/>\n<meta property=\"og:url\" content=\"https:\/\/starlight-energy.com\/it\/unisciti-a-noi\/carriere\/\" \/>\n<meta property=\"og:site_name\" content=\"Starlight\" \/>\n<meta property=\"article:modified_time\" content=\"2026-01-14T10:38:52+00:00\" \/>\n<meta property=\"og:image\" content=\"https:\/\/starlight-energy.com\/wp-content\/uploads\/2024\/01\/Starlight-favicon.png\" \/>\n\t<meta property=\"og:image:width\" content=\"260\" \/>\n\t<meta property=\"og:image:height\" content=\"260\" \/>\n\t<meta property=\"og:image:type\" content=\"image\/png\" \/>\n<meta name=\"twitter:card\" content=\"summary_large_image\" \/>\n<script type=\"application\/ld+json\" class=\"yoast-schema-graph\">{\"@context\":\"https:\/\/schema.org\",\"@graph\":[{\"@type\":\"WebPage\",\"@id\":\"https:\/\/starlight-energy.com\/it\/unisciti-a-noi\/carriere\/\",\"url\":\"https:\/\/starlight-energy.com\/it\/unisciti-a-noi\/carriere\/\",\"name\":\"Carriere - Starlight\",\"isPartOf\":{\"@id\":\"https:\/\/www.starlight-energy.com\/it\/#website\"},\"datePublished\":\"2023-08-17T11:19:30+00:00\",\"dateModified\":\"2026-01-14T10:38:52+00:00\",\"breadcrumb\":{\"@id\":\"https:\/\/starlight-energy.com\/it\/unisciti-a-noi\/carriere\/#breadcrumb\"},\"inLanguage\":\"it-IT\",\"potentialAction\":[{\"@type\":\"ReadAction\",\"target\":[\"https:\/\/starlight-energy.com\/it\/unisciti-a-noi\/carriere\/\"]}]},{\"@type\":\"BreadcrumbList\",\"@id\":\"https:\/\/starlight-energy.com\/it\/unisciti-a-noi\/carriere\/#breadcrumb\",\"itemListElement\":[{\"@type\":\"ListItem\",\"position\":1,\"name\":\"Home\",\"item\":\"https:\/\/www.starlight-energy.com\/it\/\"},{\"@type\":\"ListItem\",\"position\":2,\"name\":\"Unisciti a noi\",\"item\":\"https:\/\/starlight-energy.com\/it\/unisciti-a-noi\/\"},{\"@type\":\"ListItem\",\"position\":3,\"name\":\"Carriere\"}]},{\"@type\":\"WebSite\",\"@id\":\"https:\/\/www.starlight-energy.com\/it\/#website\",\"url\":\"https:\/\/www.starlight-energy.com\/it\/\",\"name\":\"Starlight Website\",\"description\":\"\",\"publisher\":{\"@id\":\"https:\/\/www.starlight-energy.com\/it\/#organization\"},\"potentialAction\":[{\"@type\":\"SearchAction\",\"target\":{\"@type\":\"EntryPoint\",\"urlTemplate\":\"https:\/\/www.starlight-energy.com\/it\/?s={search_term_string}\"},\"query-input\":{\"@type\":\"PropertyValueSpecification\",\"valueRequired\":true,\"valueName\":\"search_term_string\"}}],\"inLanguage\":\"it-IT\"},{\"@type\":\"Organization\",\"@id\":\"https:\/\/www.starlight-energy.com\/it\/#organization\",\"name\":\"Starlight Energy\",\"url\":\"https:\/\/www.starlight-energy.com\/it\/\",\"logo\":{\"@type\":\"ImageObject\",\"inLanguage\":\"it-IT\",\"@id\":\"https:\/\/www.starlight-energy.com\/it\/#\/schema\/logo\/image\/\",\"url\":\"\/wp-content\/uploads\/2024\/01\/Starlight-favicon.png\",\"contentUrl\":\"\/wp-content\/uploads\/2024\/01\/Starlight-favicon.png\",\"width\":260,\"height\":260,\"caption\":\"Starlight Energy\"},\"image\":{\"@id\":\"https:\/\/www.starlight-energy.com\/it\/#\/schema\/logo\/image\/\"}}]}<\/script>\n<!-- \/ Yoast SEO plugin. -->","yoast_head_json":{"title":"Carriere - Starlight","robots":{"index":"index","follow":"follow","max-snippet":"max-snippet:-1","max-image-preview":"max-image-preview:large","max-video-preview":"max-video-preview:-1"},"canonical":"https:\/\/starlight-energy.com\/it\/unisciti-a-noi\/carriere\/","og_locale":"it_IT","og_type":"article","og_title":"Carriere - Starlight","og_url":"https:\/\/starlight-energy.com\/it\/unisciti-a-noi\/carriere\/","og_site_name":"Starlight","article_modified_time":"2026-01-14T10:38:52+00:00","og_image":[{"width":260,"height":260,"url":"https:\/\/starlight-energy.com\/wp-content\/uploads\/2024\/01\/Starlight-favicon.png","type":"image\/png"}],"twitter_card":"summary_large_image","schema":{"@context":"https:\/\/schema.org","@graph":[{"@type":"WebPage","@id":"https:\/\/starlight-energy.com\/it\/unisciti-a-noi\/carriere\/","url":"https:\/\/starlight-energy.com\/it\/unisciti-a-noi\/carriere\/","name":"Carriere - Starlight","isPartOf":{"@id":"https:\/\/www.starlight-energy.com\/it\/#website"},"datePublished":"2023-08-17T11:19:30+00:00","dateModified":"2026-01-14T10:38:52+00:00","breadcrumb":{"@id":"https:\/\/starlight-energy.com\/it\/unisciti-a-noi\/carriere\/#breadcrumb"},"inLanguage":"it-IT","potentialAction":[{"@type":"ReadAction","target":["https:\/\/starlight-energy.com\/it\/unisciti-a-noi\/carriere\/"]}]},{"@type":"BreadcrumbList","@id":"https:\/\/starlight-energy.com\/it\/unisciti-a-noi\/carriere\/#breadcrumb","itemListElement":[{"@type":"ListItem","position":1,"name":"Home","item":"https:\/\/www.starlight-energy.com\/it\/"},{"@type":"ListItem","position":2,"name":"Unisciti a noi","item":"https:\/\/starlight-energy.com\/it\/unisciti-a-noi\/"},{"@type":"ListItem","position":3,"name":"Carriere"}]},{"@type":"WebSite","@id":"https:\/\/www.starlight-energy.com\/it\/#website","url":"https:\/\/www.starlight-energy.com\/it\/","name":"Starlight Website","description":"","publisher":{"@id":"https:\/\/www.starlight-energy.com\/it\/#organization"},"potentialAction":[{"@type":"SearchAction","target":{"@type":"EntryPoint","urlTemplate":"https:\/\/www.starlight-energy.com\/it\/?s={search_term_string}"},"query-input":{"@type":"PropertyValueSpecification","valueRequired":true,"valueName":"search_term_string"}}],"inLanguage":"it-IT"},{"@type":"Organization","@id":"https:\/\/www.starlight-energy.com\/it\/#organization","name":"Starlight Energy","url":"https:\/\/www.starlight-energy.com\/it\/","logo":{"@type":"ImageObject","inLanguage":"it-IT","@id":"https:\/\/www.starlight-energy.com\/it\/#\/schema\/logo\/image\/","url":"\/wp-content\/uploads\/2024\/01\/Starlight-favicon.png","contentUrl":"\/wp-content\/uploads\/2024\/01\/Starlight-favicon.png","width":260,"height":260,"caption":"Starlight Energy"},"image":{"@id":"https:\/\/www.starlight-energy.com\/it\/#\/schema\/logo\/image\/"}}]}},"_links":{"self":[{"href":"https:\/\/starlight-energy.com\/it\/wp-json\/wp\/v2\/pages\/925","targetHints":{"allow":["GET"]}}],"collection":[{"href":"https:\/\/starlight-energy.com\/it\/wp-json\/wp\/v2\/pages"}],"about":[{"href":"https:\/\/starlight-energy.com\/it\/wp-json\/wp\/v2\/types\/page"}],"author":[{"embeddable":true,"href":"https:\/\/starlight-energy.com\/it\/wp-json\/wp\/v2\/users\/7"}],"replies":[{"embeddable":true,"href":"https:\/\/starlight-energy.com\/it\/wp-json\/wp\/v2\/comments?post=925"}],"version-history":[{"count":9,"href":"https:\/\/starlight-energy.com\/it\/wp-json\/wp\/v2\/pages\/925\/revisions"}],"predecessor-version":[{"id":1969,"href":"https:\/\/starlight-energy.com\/it\/wp-json\/wp\/v2\/pages\/925\/revisions\/1969"}],"up":[{"embeddable":true,"href":"https:\/\/starlight-energy.com\/it\/wp-json\/wp\/v2\/pages\/923"}],"wp:attachment":[{"href":"https:\/\/starlight-energy.com\/it\/wp-json\/wp\/v2\/media?parent=925"}],"curies":[{"name":"wp","href":"https:\/\/api.w.org\/{rel}","templated":true}]}}